{"id":5414,"date":"2024-12-20T07:50:24","date_gmt":"2024-12-20T06:50:24","guid":{"rendered":"https:\/\/familycancat.com\/producto\/vet-life-dog-hepatic-2kg\/"},"modified":"2025-12-30T17:10:14","modified_gmt":"2025-12-30T16:10:14","slug":"vet-life-dog-hepatic-2kg","status":"publish","type":"product","link":"https:\/\/familycancat.com\/en\/product\/vet-life-dog-hepatic-2kg\/","title":{"rendered":"Farmina Vet Life Hepatic 2 Kg"},"content":{"rendered":"<p><span class=\"titoletto\">Este alimento tiene prote\u00ednas de alta calidad, una moderada concentraci\u00f3n de prote\u00edna, una alta concentraci\u00f3n de \u00e1cidos grasos esenciales y una alta concentraci\u00f3n de hidratos de carbono altamente digeribles.<\/span><\/p>\n<p><span class=\"titoletto\">COMPOSICI\u00d3N<\/span><\/p>\n<p class=\"comp\">Espelta, grasa animal, gluten de ma\u00edz, prote\u00edna hidrolizada de pescado, aceite de pescado, carbonato de calcio, semilla de lino, avena, pulpa de remolacha deshidratada, cloruro de potasio, almid\u00f3n de arroz, fructooligosac\u00e1ridos, oligosac\u00e1ridos a base de manosa extra\u00edda de levadura de cerveza, fosfato de mono-dic\u00e1lcico, levadura de cerveza desecada, cloruro de sodio, extracto de flor de Tagete (fuente de lute\u00edna). Fuente proteica: gluten de ma\u00edz, prote\u00edna hidrolizada de pescado. Fuente de carbohidratos de alta digestibilidad: almid\u00f3n de arroz.<\/p>\n<p class=\"comp\"><span class=\"titoletto\">ADITIVOS POR KG<\/span><\/p>\n<p class=\"comp\">Aditivos nutricionales: Vitamina A 15000UI; Vitamina D3 900UI; Vitamina E 800mg; Vitamina C 150mg; niacina 38mg; \u00e1cido pantot\u00e9nico 15mg; Vitamina B2 7.5mg; Vitamina B6 6mg; Vitamina B1 4.5mg; Vitamina H 0.4mg; \u00e1cido f\u00f3lico 0.45mg; Vitamina B12 0.06mg; cloruro de colina 2500mg; beta-caroteno 1.5mg; quelato de zinc del an\u00e1logo hidroxilado de la metionina 1060mg; quelato de manganeso del an\u00e1logo hidroxilado de la metionina 400mg; quelato de hierro de hidrato de glicina 185mg; quelato de cobre del an\u00e1logo hidroxilado de la metionina 11mg; seleniometionina 68mg; yodato de calcio anhidro 2.4mg; L-lisina HCI 4500mg; DL-metionina 3000mg; taurina 1800mg; L-carnitina 350mg. Antioxidantes: extracto rico en tocoferoles de origen natural 10mg.<\/p>","protected":false},"excerpt":{"rendered":"<p>Ayuda a la funci\u00f3n hep\u00e1tica en caso de insuficiencia cr\u00f3nica. Farmina Vet Life Hepatic es un alimento diet\u00e9tico completo destinado a perros adultos, adecuado para el soporte de la funci\u00f3n hep\u00e1tica en caso de insuficiencia hep\u00e1tica cr\u00f3nica.<\/p>","protected":false},"featured_media":7128,"template":"","meta":[],"etheme_brands":[{"term_id":99,"name":"FARMINA","slug":"farmina","term_group":0,"term_taxonomy_id":99,"taxonomy":"brand","description":"","parent":0,"count":127,"filter":"raw"}],"product_cat":[96,20,88,134],"product_tag":[],"class_list":{"0":"post-5414","1":"product","2":"type-product","3":"status-publish","4":"has-post-thumbnail","6":"brand-farmina","7":"product_cat-todos-los-productos","8":"product_cat-perros","9":"product_cat-pienso-para-perros","10":"product_cat-dietas-veterinarias","12":"first","13":"instock","14":"taxable","15":"shipping-taxable","16":"purchasable","17":"product-type-simple"},"jetpack_sharing_enabled":true,"_links":{"self":[{"href":"https:\/\/familycancat.com\/en\/wp-json\/wp\/v2\/product\/5414","targetHints":{"allow":["GET"]}}],"collection":[{"href":"https:\/\/familycancat.com\/en\/wp-json\/wp\/v2\/product"}],"about":[{"href":"https:\/\/familycancat.com\/en\/wp-json\/wp\/v2\/types\/product"}],"version-history":[{"count":2,"href":"https:\/\/familycancat.com\/en\/wp-json\/wp\/v2\/product\/5414\/revisions"}],"predecessor-version":[{"id":7129,"href":"https:\/\/familycancat.com\/en\/wp-json\/wp\/v2\/product\/5414\/revisions\/7129"}],"wp:featuredmedia":[{"embeddable":true,"href":"https:\/\/familycancat.com\/en\/wp-json\/wp\/v2\/media\/7128"}],"wp:attachment":[{"href":"https:\/\/familycancat.com\/en\/wp-json\/wp\/v2\/media?parent=5414"}],"wp:term":[{"taxonomy":"brand","embeddable":true,"href":"https:\/\/familycancat.com\/en\/wp-json\/wp\/v2\/etheme_brands?post=5414"},{"taxonomy":"product_cat","embeddable":true,"href":"https:\/\/familycancat.com\/en\/wp-json\/wp\/v2\/product_cat?post=5414"},{"taxonomy":"product_tag","embeddable":true,"href":"https:\/\/familycancat.com\/en\/wp-json\/wp\/v2\/product_tag?post=5414"}],"curies":[{"name":"wp","href":"https:\/\/api.w.org\/{rel}","templated":true}]}}