{"id":5413,"date":"2024-12-20T07:50:24","date_gmt":"2024-12-20T06:50:24","guid":{"rendered":"https:\/\/familycancat.com\/producto\/vet-life-natural-diet-dog-hepatic-300gr\/"},"modified":"2026-02-05T18:53:06","modified_gmt":"2026-02-05T17:53:06","slug":"vet-life-natural-diet-dog-hepatic-300gr","status":"publish","type":"product","link":"https:\/\/familycancat.com\/en\/product\/vet-life-natural-diet-dog-hepatic-300gr\/","title":{"rendered":"Farmina Vet Life Natural Diet Dog Hepatic 300 Gr"},"content":{"rendered":"","protected":false},"excerpt":{"rendered":"<p><strong>Farmina Vet Life Natural Diet Dog Hepatic<\/strong>\u00a0es un alimento diet\u00e9tico completo para perros para el apoyo de la funci\u00f3n hep\u00e1tica en caso de insuficiencia hep\u00e1tica cr\u00f3nica y la reducci\u00f3n del cobre en el h\u00edgado. Nivel moderado de prote\u00ednas, seleccionado y altamente digerible.<\/p>","protected":false},"featured_media":7195,"template":"","meta":[],"etheme_brands":[{"term_id":99,"name":"FARMINA","slug":"farmina","term_group":0,"term_taxonomy_id":99,"taxonomy":"brand","description":"","parent":0,"count":127,"filter":"raw"}],"product_cat":[96,20,89],"product_tag":[],"class_list":{"0":"post-5413","1":"product","2":"type-product","3":"status-publish","4":"has-post-thumbnail","6":"brand-farmina","7":"product_cat-todos-los-productos","8":"product_cat-perros","9":"product_cat-comida-humeda-para-perros","11":"first","12":"instock","13":"taxable","14":"shipping-taxable","15":"purchasable","16":"product-type-simple"},"jetpack_sharing_enabled":true,"_links":{"self":[{"href":"https:\/\/familycancat.com\/en\/wp-json\/wp\/v2\/product\/5413","targetHints":{"allow":["GET"]}}],"collection":[{"href":"https:\/\/familycancat.com\/en\/wp-json\/wp\/v2\/product"}],"about":[{"href":"https:\/\/familycancat.com\/en\/wp-json\/wp\/v2\/types\/product"}],"version-history":[{"count":2,"href":"https:\/\/familycancat.com\/en\/wp-json\/wp\/v2\/product\/5413\/revisions"}],"predecessor-version":[{"id":7197,"href":"https:\/\/familycancat.com\/en\/wp-json\/wp\/v2\/product\/5413\/revisions\/7197"}],"wp:featuredmedia":[{"embeddable":true,"href":"https:\/\/familycancat.com\/en\/wp-json\/wp\/v2\/media\/7195"}],"wp:attachment":[{"href":"https:\/\/familycancat.com\/en\/wp-json\/wp\/v2\/media?parent=5413"}],"wp:term":[{"taxonomy":"brand","embeddable":true,"href":"https:\/\/familycancat.com\/en\/wp-json\/wp\/v2\/etheme_brands?post=5413"},{"taxonomy":"product_cat","embeddable":true,"href":"https:\/\/familycancat.com\/en\/wp-json\/wp\/v2\/product_cat?post=5413"},{"taxonomy":"product_tag","embeddable":true,"href":"https:\/\/familycancat.com\/en\/wp-json\/wp\/v2\/product_tag?post=5413"}],"curies":[{"name":"wp","href":"https:\/\/api.w.org\/{rel}","templated":true}]}}