{"id":10618,"date":"2026-05-02T12:10:16","date_gmt":"2026-05-02T11:10:16","guid":{"rendered":"https:\/\/familycancat.com\/?post_type=product&#038;p=10618"},"modified":"2026-05-02T13:03:32","modified_gmt":"2026-05-02T12:03:32","slug":"gloria-arnes-air-mesh-trek-star-marron-l-334-35-cm","status":"publish","type":"product","link":"https:\/\/familycancat.com\/en\/product\/gloria-arnes-air-mesh-trek-star-marron-l-334-35-cm\/","title":{"rendered":"Gloria Arn\u00e9s Air Mesh Trek Star Marron L 33,4 &#8211; 35 CM"},"content":{"rendered":"<p>Material exterior de malla, muy ligero y transpirable. Si lo mojamos podemos conseguir un efecto refrescante en verano. Ajustable en tama\u00f1o con cierre de velcro y broche\/hebilla. R\u00e1pido y f\u00e1cil de poner y quitar.<br \/>\nCintas de nylon con cosido zig zag para una \u00f3ptima distribuci\u00f3n de la tensi\u00f3n. Dos anillas para fijar de forma segura la correa. Elementos reflectantes mayor visibilidad en la oscuridad. Lavar a mano.<\/p>","protected":false},"excerpt":{"rendered":"<p>Material exterior de malla, muy ligero y transpirable. Si lo mojamos podemos conseguir un efecto refrescante en verano. Ajustable en tama\u00f1o con cierre de velcro&#8230;<\/p>","protected":false},"featured_media":10619,"template":"","meta":[],"etheme_brands":[{"term_id":152,"name":"GLORIA","slug":"gloria","term_group":0,"term_taxonomy_id":152,"taxonomy":"brand","description":"","parent":0,"count":54,"filter":"raw"}],"product_cat":[20,92],"product_tag":[],"class_list":{"0":"post-10618","1":"product","2":"type-product","3":"status-publish","4":"has-post-thumbnail","6":"brand-gloria","7":"product_cat-perros","8":"product_cat-accesorios-de-paseo-coche-y-viajes","10":"first","11":"instock","12":"taxable","13":"shipping-taxable","14":"purchasable","15":"product-type-simple"},"jetpack_sharing_enabled":true,"_links":{"self":[{"href":"https:\/\/familycancat.com\/en\/wp-json\/wp\/v2\/product\/10618","targetHints":{"allow":["GET"]}}],"collection":[{"href":"https:\/\/familycancat.com\/en\/wp-json\/wp\/v2\/product"}],"about":[{"href":"https:\/\/familycancat.com\/en\/wp-json\/wp\/v2\/types\/product"}],"version-history":[{"count":1,"href":"https:\/\/familycancat.com\/en\/wp-json\/wp\/v2\/product\/10618\/revisions"}],"predecessor-version":[{"id":10620,"href":"https:\/\/familycancat.com\/en\/wp-json\/wp\/v2\/product\/10618\/revisions\/10620"}],"wp:featuredmedia":[{"embeddable":true,"href":"https:\/\/familycancat.com\/en\/wp-json\/wp\/v2\/media\/10619"}],"wp:attachment":[{"href":"https:\/\/familycancat.com\/en\/wp-json\/wp\/v2\/media?parent=10618"}],"wp:term":[{"taxonomy":"brand","embeddable":true,"href":"https:\/\/familycancat.com\/en\/wp-json\/wp\/v2\/etheme_brands?post=10618"},{"taxonomy":"product_cat","embeddable":true,"href":"https:\/\/familycancat.com\/en\/wp-json\/wp\/v2\/product_cat?post=10618"},{"taxonomy":"product_tag","embeddable":true,"href":"https:\/\/familycancat.com\/en\/wp-json\/wp\/v2\/product_tag?post=10618"}],"curies":[{"name":"wp","href":"https:\/\/api.w.org\/{rel}","templated":true}]}}