{"id":10585,"date":"2026-04-29T12:20:10","date_gmt":"2026-04-29T11:20:10","guid":{"rendered":"https:\/\/familycancat.com\/?post_type=product&#038;p=10585"},"modified":"2026-04-29T12:21:41","modified_gmt":"2026-04-29T11:21:41","slug":"colchon-merida-bi-color-56x35cm","status":"publish","type":"product","link":"https:\/\/familycancat.com\/en\/product\/colchon-merida-bi-color-56x35cm\/","title":{"rendered":"COLCHON MERIDA BI-COLOR 56X35CM"},"content":{"rendered":"<p>Dale a tu fiel compa\u00f1ero el descanso que merece con el Colch\u00f3n MERIDA para Perros de Alta Calidad. Dise\u00f1ado pensando en el bienestar y la comodidad de tu mascota, este colch\u00f3n ofrece una experiencia de descanso superior que combina lujo y funcionalidad.<\/p>\n<p><strong>Caracter\u00edsticas Principales:<\/strong><\/p>\n<ul>\n<li><strong>Confort Supremo:<\/strong>\u00a0Relleno de espuma de alta densidad que se adapta al cuerpo de tu perro, proporcionando un soporte \u00f3ptimo para las articulaciones y una sensaci\u00f3n de acogida inigualable.<\/li>\n<li><strong>Materiales Premium:<\/strong>\u00a0Funda exterior hecha de tela de microfibra suave y duradera, resistente a ara\u00f1azos y manchas.<\/li>\n<li><strong>Dise\u00f1o Elegante:<\/strong>\u00a0Con su estilo sofisticado y colores neutros\u00a0 un excelente colch\u00f3n para dar\u00a0 un toque de alegr\u00eda a su entorno<\/li>\n<li><strong>Asa de transport\u00e9<\/strong><\/li>\n<\/ul>\n<p><strong>Beneficios:<\/strong><\/p>\n<ul>\n<li><strong>Salud y Bienestar:<\/strong>\u00a0El soporte ergon\u00f3mico y la distribuci\u00f3n uniforme del peso ayudan a reducir la presi\u00f3n en las articulaciones, promoviendo un sue\u00f1o reparador y saludable.<\/li>\n<li><strong>Durabilidad Garantizada:<\/strong>\u00a0Fabricado con materiales de alta calidad que garantizan una larga vida \u00fatil, resistiendo el uso diario y manteniendo su forma y comodidad.<\/li>\n<\/ul>\n<p><strong>Por Qu\u00e9 Elegir el Colch\u00f3n MERIDA:<\/strong><\/p>\n<p>Tu perro es m\u00e1s que una mascota, es parte de la familia. Con el Colch\u00f3n MERIDA, le brindar\u00e1s un espacio de descanso donde podr\u00e1 relajarse y recargar energ\u00edas con el m\u00e1ximo confort y estilo. Perfecto para el hogar o para llevar de viaje, este colch\u00f3n es la elecci\u00f3n ideal para aquellos que buscan lo mejor para sus amigos peludos.<\/p>\n<p>&nbsp;<\/p>\n<p>Talla:\u00a0 93X52CM<\/p>\n<p>Colores variados<\/p>\n<p>Puedes especificar en comentarios el color siempre que este disponible<\/p>\n<p>Si no se servir\u00e1n aleatoriamente<\/p>","protected":false},"excerpt":{"rendered":"<p>Talla:\u00a0 93X52CM<\/p>\n<p>Colores variados<\/p>\n<p>Puedes especificar en comentarios el color siempre que este disponible<\/p>\n<p>Si no se servir\u00e1n aleatoriamente<\/p>","protected":false},"featured_media":10586,"template":"","meta":[],"etheme_brands":[{"term_id":136,"name":"DOG LOVE","slug":"dog-love","term_group":0,"term_taxonomy_id":136,"taxonomy":"brand","description":"","parent":0,"count":31,"filter":"raw"}],"product_cat":[153,20],"product_tag":[],"class_list":{"0":"post-10585","1":"product","2":"type-product","3":"status-publish","4":"has-post-thumbnail","6":"brand-dog-love","7":"product_cat-camas","8":"product_cat-perros","10":"first","11":"instock","12":"taxable","13":"shipping-taxable","14":"purchasable","15":"product-type-simple"},"jetpack_sharing_enabled":true,"_links":{"self":[{"href":"https:\/\/familycancat.com\/en\/wp-json\/wp\/v2\/product\/10585","targetHints":{"allow":["GET"]}}],"collection":[{"href":"https:\/\/familycancat.com\/en\/wp-json\/wp\/v2\/product"}],"about":[{"href":"https:\/\/familycancat.com\/en\/wp-json\/wp\/v2\/types\/product"}],"version-history":[{"count":1,"href":"https:\/\/familycancat.com\/en\/wp-json\/wp\/v2\/product\/10585\/revisions"}],"predecessor-version":[{"id":10587,"href":"https:\/\/familycancat.com\/en\/wp-json\/wp\/v2\/product\/10585\/revisions\/10587"}],"wp:featuredmedia":[{"embeddable":true,"href":"https:\/\/familycancat.com\/en\/wp-json\/wp\/v2\/media\/10586"}],"wp:attachment":[{"href":"https:\/\/familycancat.com\/en\/wp-json\/wp\/v2\/media?parent=10585"}],"wp:term":[{"taxonomy":"brand","embeddable":true,"href":"https:\/\/familycancat.com\/en\/wp-json\/wp\/v2\/etheme_brands?post=10585"},{"taxonomy":"product_cat","embeddable":true,"href":"https:\/\/familycancat.com\/en\/wp-json\/wp\/v2\/product_cat?post=10585"},{"taxonomy":"product_tag","embeddable":true,"href":"https:\/\/familycancat.com\/en\/wp-json\/wp\/v2\/product_tag?post=10585"}],"curies":[{"name":"wp","href":"https:\/\/api.w.org\/{rel}","templated":true}]}}