{"id":10582,"date":"2026-04-28T19:45:37","date_gmt":"2026-04-28T18:45:37","guid":{"rendered":"https:\/\/familycancat.com\/?post_type=product&#038;p=10582"},"modified":"2026-04-28T19:48:32","modified_gmt":"2026-04-28T18:48:32","slug":"dibaq-sense-salmon-y-pavo-puppy-mini-medium-humedo-190-gr","status":"publish","type":"product","link":"https:\/\/familycancat.com\/en\/product\/dibaq-sense-salmon-y-pavo-puppy-mini-medium-humedo-190-gr\/","title":{"rendered":"Dibaq Sense Salm\u00f3n y Pavo Puppy Mini Medium H\u00famedo 190 Gr"},"content":{"rendered":"<div id=\"content-wrapper\" class=\"container product-description-container\">\n<section id=\"main\">\n<div class=\"row product-container\">\n<div class=\"col-md-12\">\n<div class=\"product-information\">\n<div class=\"card\">\n<div id=\"description\" class=\"info_content\" aria-labelledby=\"description-info\">\n<div class=\"product-description\">\n<p><strong>Composici\u00f3n<\/strong><\/p>\n<p>Carne fresca de pavo 44%, salm\u00f3n fresco 32%, patata, verduras y frutas frescas 4% (boniato, zanahoria y manzana), aceite de salm\u00f3n 1% (fuente de \u00e1cidos grasos omega 3 y 6), pack protector articular 0,5% (condroit\u00edn sulfato, glucosamina sulfato y MSM), sustancias minerales, plantas arom\u00e1ticas con propiedades antioxidantes naturales 0,02% (romero, tomillo y or\u00e9gano).<\/p>\n<p><strong>Componentes anal\u00edticos<\/strong><\/p>\n<p>Prote\u00edna bruta 8%, Aceites y grasas brutos 6,5%, Fibras brutas 1%, Materia inorg\u00e1nica 1%, Humedad 79%, Vit. A 3000 UI\/Kg, Vit. D3 300 UI\/Kg, Vit. E \u03b1- tocoferol) 15 mg\/Kg<\/p>\n<p><strong>Aditivos<\/strong><\/p>\n<p>Aditivos nutricionales\/kg: Condroitina sulfato 200 mg, Glucosamina sulfato 200 mg. Oligoelementos: Hierro 1,3 mg (como carbonato de hierro), Yodo 0,3 mg (como yodato c\u00e1lcico), Cobre 1,2 mg (como sulfato c\u00faprico pentahidratado), Manganeso 4,5 mg (como \u00f3xido de manganeso), Zinc 18,5 mg (como \u00f3xido de zinc), Selenio 0,02 mg (como selenito s\u00f3dico).Aditivos tecnol\u00f3gicos: Gelificantes.<\/p>\n<p><strong>Modo de empleo<\/strong><\/p>\n<p>El perro deber\u00e1 contar siempre con agua abundante a libre disposici\u00f3n. Mantener el envase en un lugar fresco y seco. Una vez abierto conservar en el frigor\u00edfico y consumir en 48 horas.<\/p>\n<\/div>\n<\/div>\n<\/div>\n<\/div>\n<\/div>\n<\/div>\n<\/section>\n<\/div>\n<div class=\"am-promo-message\"><\/div>\n<div class=\"row\"><\/div>","protected":false},"excerpt":{"rendered":"<p>Dibaq Sense Salm\u00f3n y Pavo Grain Free para cachorros es una lata hipoalerg\u00e9nica elaborada con carnes frescas de salm\u00f3n y pavo, frutas y verduras frescas ( bonitato, zanahoria y manzana), aceite de salm\u00f3n, protector articular, plantas prebi\u00f3ticas y antioxidantes naturales.<\/p>\n<p>Es una receta GRAIN FREE sin trigo, sin gluten, sin ma\u00edz, soja ni huevo.<\/p>\n<p>Dibaq Sense es una exclusiva gama hipoalerg\u00e9nica con ingredientes 100% Natural.<\/p>","protected":false},"featured_media":10583,"template":"","meta":[],"etheme_brands":[{"term_id":127,"name":"SENSE","slug":"sense","term_group":0,"term_taxonomy_id":127,"taxonomy":"brand","description":"","parent":0,"count":21,"filter":"raw"}],"product_cat":[96,20,89],"product_tag":[],"class_list":{"0":"post-10582","1":"product","2":"type-product","3":"status-publish","4":"has-post-thumbnail","6":"brand-sense","7":"product_cat-todos-los-productos","8":"product_cat-perros","9":"product_cat-comida-humeda-para-perros","11":"first","12":"instock","13":"taxable","14":"shipping-taxable","15":"purchasable","16":"product-type-simple"},"jetpack_sharing_enabled":true,"_links":{"self":[{"href":"https:\/\/familycancat.com\/en\/wp-json\/wp\/v2\/product\/10582","targetHints":{"allow":["GET"]}}],"collection":[{"href":"https:\/\/familycancat.com\/en\/wp-json\/wp\/v2\/product"}],"about":[{"href":"https:\/\/familycancat.com\/en\/wp-json\/wp\/v2\/types\/product"}],"version-history":[{"count":1,"href":"https:\/\/familycancat.com\/en\/wp-json\/wp\/v2\/product\/10582\/revisions"}],"predecessor-version":[{"id":10584,"href":"https:\/\/familycancat.com\/en\/wp-json\/wp\/v2\/product\/10582\/revisions\/10584"}],"wp:featuredmedia":[{"embeddable":true,"href":"https:\/\/familycancat.com\/en\/wp-json\/wp\/v2\/media\/10583"}],"wp:attachment":[{"href":"https:\/\/familycancat.com\/en\/wp-json\/wp\/v2\/media?parent=10582"}],"wp:term":[{"taxonomy":"brand","embeddable":true,"href":"https:\/\/familycancat.com\/en\/wp-json\/wp\/v2\/etheme_brands?post=10582"},{"taxonomy":"product_cat","embeddable":true,"href":"https:\/\/familycancat.com\/en\/wp-json\/wp\/v2\/product_cat?post=10582"},{"taxonomy":"product_tag","embeddable":true,"href":"https:\/\/familycancat.com\/en\/wp-json\/wp\/v2\/product_tag?post=10582"}],"curies":[{"name":"wp","href":"https:\/\/api.w.org\/{rel}","templated":true}]}}