{"id":10578,"date":"2026-04-28T19:30:35","date_gmt":"2026-04-28T18:30:35","guid":{"rendered":"https:\/\/familycancat.com\/?post_type=product&#038;p=10578"},"modified":"2026-05-05T11:40:31","modified_gmt":"2026-05-05T10:40:31","slug":"dogs-love-lata-bio-de-vacuno-para-perros-800gr","status":"publish","type":"product","link":"https:\/\/familycancat.com\/en\/product\/dogs-love-lata-bio-de-vacuno-para-perros-800gr\/","title":{"rendered":"Dog&#8217;s Love Lata Bio De Vacuno para Perros 800GR"},"content":{"rendered":"<p>COMPOSICI\u00d3N: vacuno b\u00edo 63 % (carne 42 %, coraz\u00f3n 21 %), arroz b\u00edo 10 %, calabacines b\u00edo 8 %, tomates b\u00edo 7 %, manzanas b\u00edo 7 %, minerales, algas marinas, aceite de colza b\u00edo. | ADITIVOS\/KG: aditivos nutricionales: vit. A 2.025 UI, vit. D3 136 UI, cinc (como sulfato de cinc, monohidrato) 20 mg. | Men\u00fa natural de alimento completo de calidad alimentaria ecol\u00f3gica al 100 % de todas las materias primas | 63 % de carne de vacuno bio | Para perros adultos de todas las razas | Prote\u00edna bruta: Tambi\u00e9n apto para perros delicados con necesidades nutricionales especiales | El mejor sabor, controles m\u00e1s estrictos y ganader\u00eda biol\u00f3gica | Materias primas exentas de ingenier\u00eda gen\u00e9tica, prescindimos de pesticidas qu\u00edmicos sint\u00e9ticos | Fabricado en Austria con materias primas preferentemente regionales | Contiene vitaminas, minerales y oligoelementos | SIN: Gluten, az\u00facares a\u00f1adidos, soja, harina de huesos, despojos, colorantes ni conservantes | Elaborado sin experimentaci\u00f3n animal ni manipulaci\u00f3n gen\u00e9tica.<\/p>","protected":false},"excerpt":{"rendered":"<p>Como todos nuestros productos ecol\u00f3gicos, el men\u00fa de vacuno bio tambi\u00e9n se produce de forma sostenible. Con la mejor carne muscular procedente de la ganader\u00eda biol\u00f3gica y frutas y verduras de cultivos ecol\u00f3gicos controlados, este alimento completo se adapta perfectamente a las necesidades nutricionales de su perro.<\/p>","protected":false},"featured_media":10579,"template":"","meta":[],"etheme_brands":[{"term_id":136,"name":"DOG LOVE","slug":"dog-love","term_group":0,"term_taxonomy_id":136,"taxonomy":"brand","description":"","parent":0,"count":31,"filter":"raw"}],"product_cat":[96,20,89],"product_tag":[],"class_list":{"0":"post-10578","1":"product","2":"type-product","3":"status-publish","4":"has-post-thumbnail","6":"brand-dog-love","7":"product_cat-todos-los-productos","8":"product_cat-perros","9":"product_cat-comida-humeda-para-perros","11":"first","12":"instock","13":"taxable","14":"shipping-taxable","15":"purchasable","16":"product-type-simple"},"jetpack_sharing_enabled":true,"_links":{"self":[{"href":"https:\/\/familycancat.com\/en\/wp-json\/wp\/v2\/product\/10578","targetHints":{"allow":["GET"]}}],"collection":[{"href":"https:\/\/familycancat.com\/en\/wp-json\/wp\/v2\/product"}],"about":[{"href":"https:\/\/familycancat.com\/en\/wp-json\/wp\/v2\/types\/product"}],"version-history":[{"count":1,"href":"https:\/\/familycancat.com\/en\/wp-json\/wp\/v2\/product\/10578\/revisions"}],"predecessor-version":[{"id":10580,"href":"https:\/\/familycancat.com\/en\/wp-json\/wp\/v2\/product\/10578\/revisions\/10580"}],"wp:featuredmedia":[{"embeddable":true,"href":"https:\/\/familycancat.com\/en\/wp-json\/wp\/v2\/media\/10579"}],"wp:attachment":[{"href":"https:\/\/familycancat.com\/en\/wp-json\/wp\/v2\/media?parent=10578"}],"wp:term":[{"taxonomy":"brand","embeddable":true,"href":"https:\/\/familycancat.com\/en\/wp-json\/wp\/v2\/etheme_brands?post=10578"},{"taxonomy":"product_cat","embeddable":true,"href":"https:\/\/familycancat.com\/en\/wp-json\/wp\/v2\/product_cat?post=10578"},{"taxonomy":"product_tag","embeddable":true,"href":"https:\/\/familycancat.com\/en\/wp-json\/wp\/v2\/product_tag?post=10578"}],"curies":[{"name":"wp","href":"https:\/\/api.w.org\/{rel}","templated":true}]}}