{"id":10576,"date":"2026-04-28T19:08:10","date_gmt":"2026-04-28T18:08:10","guid":{"rendered":"https:\/\/familycancat.com\/?post_type=product&#038;p=10576"},"modified":"2026-04-28T19:23:17","modified_gmt":"2026-04-28T18:23:17","slug":"kong-signature-stick-l","status":"publish","type":"product","link":"https:\/\/familycancat.com\/en\/product\/kong-signature-stick-l\/","title":{"rendered":"KONG SIGNATURE STICK L"},"content":{"rendered":"<p>El exterior resistente del\u00a0<strong>KONG Signature Stick para perro<\/strong>\u00a0permite disfrutar de juegos de tirar y lanzar\/recoger durante mucho tiempo para satisfacer las necesidades instintivas de los perros. Una sinfon\u00eda de chirridos y crujidos permite que los peludos jueguen m\u00e1s tiempo, mientras que el centro del\u00a0<strong>juguete para perro KONG Signature Stick<\/strong>\u00a0acolchado y suave es delicado con los dientes y enc\u00edas y est\u00e1 dise\u00f1ado para facilitar el agarre.<\/p>","protected":false},"excerpt":{"rendered":"<p>El exterior resistente del\u00a0KONG Signature Stick para perro\u00a0permite disfrutar de juegos de tirar y lanzar\/recoger durante mucho tiempo para satisfacer las necesidades instintivas de los&#8230;<\/p>","protected":false},"featured_media":10573,"template":"","meta":[],"etheme_brands":[{"term_id":117,"name":"KONG","slug":"kong","term_group":0,"term_taxonomy_id":117,"taxonomy":"brand","description":"","parent":0,"count":30,"filter":"raw"}],"product_cat":[96,20,93],"product_tag":[],"class_list":{"0":"post-10576","1":"product","2":"type-product","3":"status-publish","4":"has-post-thumbnail","6":"brand-kong","7":"product_cat-todos-los-productos","8":"product_cat-perros","9":"product_cat-juguetes-y-educacion","11":"first","12":"instock","13":"taxable","14":"shipping-taxable","15":"purchasable","16":"product-type-simple"},"jetpack_sharing_enabled":true,"_links":{"self":[{"href":"https:\/\/familycancat.com\/en\/wp-json\/wp\/v2\/product\/10576","targetHints":{"allow":["GET"]}}],"collection":[{"href":"https:\/\/familycancat.com\/en\/wp-json\/wp\/v2\/product"}],"about":[{"href":"https:\/\/familycancat.com\/en\/wp-json\/wp\/v2\/types\/product"}],"version-history":[{"count":1,"href":"https:\/\/familycancat.com\/en\/wp-json\/wp\/v2\/product\/10576\/revisions"}],"predecessor-version":[{"id":10577,"href":"https:\/\/familycancat.com\/en\/wp-json\/wp\/v2\/product\/10576\/revisions\/10577"}],"wp:featuredmedia":[{"embeddable":true,"href":"https:\/\/familycancat.com\/en\/wp-json\/wp\/v2\/media\/10573"}],"wp:attachment":[{"href":"https:\/\/familycancat.com\/en\/wp-json\/wp\/v2\/media?parent=10576"}],"wp:term":[{"taxonomy":"brand","embeddable":true,"href":"https:\/\/familycancat.com\/en\/wp-json\/wp\/v2\/etheme_brands?post=10576"},{"taxonomy":"product_cat","embeddable":true,"href":"https:\/\/familycancat.com\/en\/wp-json\/wp\/v2\/product_cat?post=10576"},{"taxonomy":"product_tag","embeddable":true,"href":"https:\/\/familycancat.com\/en\/wp-json\/wp\/v2\/product_tag?post=10576"}],"curies":[{"name":"wp","href":"https:\/\/api.w.org\/{rel}","templated":true}]}}