{"id":10551,"date":"2026-04-28T10:05:32","date_gmt":"2026-04-28T09:05:32","guid":{"rendered":"https:\/\/familycancat.com\/?post_type=product&#038;p=10551"},"modified":"2026-04-28T10:11:13","modified_gmt":"2026-04-28T09:11:13","slug":"rotho-eco-bailey-arenero-blanco-y-verde-salvia-para-gatos","status":"publish","type":"product","link":"https:\/\/familycancat.com\/en\/product\/rotho-eco-bailey-arenero-blanco-y-verde-salvia-para-gatos\/","title":{"rendered":"Rotho Eco Bailey Arenero Blanco y Verde Salvia para gatos"},"content":{"rendered":"<div class=\"product-page-details__content is-short\">Arenero para gatos, tiene forma de caja y cuenta con un filtro de carb\u00f3n activo para neutralizar los olores desagradables, la puerta de acceso es giratoria, todas las partes se pueden separar y armar f\u00e1cilmente, reduce la cantidad de residuos alrededor.<\/div>\n<div class=\"product-page-details__content is-long\">\n<h2>Arenero con puerta giratoria para gatos<\/h2>\n<p>El espacio donde tu felino libera sus desechos debe ser lo m\u00e1s adecuado para que el animal se sienta c\u00f3modo y tambi\u00e9n para mantener la higiene en tu hogar. Con este\u00a0<strong>arenero para gatos<\/strong>\u00a0de Rotho podr\u00e1s tener las dos ventajas en un solo accesorio. Ha sido\u00a0fabricado\u00a0con\u00a0<strong>pl\u00e1stico resistente<\/strong>\u00a0y duradero para garantizar que la mascota se sienta a gusto al usarlo.<\/p>\n<p><strong>Posee un filtro de carb\u00f3n activo<\/strong>\u00a0integrado en la tapa,\u00a0para\u00a0<strong>neutralizar los olores desagradables<\/strong>.\u00a0De esta manera, incluso si tu gato acaba de hacer sus necesidades, no tendr\u00e1s que soportar malos olores en tu hogar. Igualmente, cuenta con\u00a0<strong>una puerta giratoria<\/strong>\u00a0para facilitar la entrda y salida del gato, adem\u00e1s de\u00a0<strong>evitar que la arena se esparza fuera de la caja<\/strong>.<\/p>\n<p><strong>Todas las piezas son desmontables<\/strong>, por lo que puedes desarmar \u00a0completamente esta caja sanitaria para gatos y hacer\u00a0<strong>m\u00e1s sencillo el proceso de limpieza<\/strong>. Una vez que separes todas las piezas, podr\u00e1s lavarlas a fondo sin complicaciones.<\/p>\n<p>&nbsp;<\/p>\n<p><strong>Caracter\u00edsticas:<\/strong><\/p>\n<ul>\n<li>Arenero para gatos.<\/li>\n<li>Tiene forma de caja cerrada.<\/li>\n<li>Con filtro de carb\u00f3n activo integrado en la tapa.<\/li>\n<li>Neutraliza los malos olores.<\/li>\n<li>La puerta es giratoria para facilitar la entrada y salida del gato.<\/li>\n<li>Evita que la arena se esparza alrededor cuando el gato sale del arenero.<\/li>\n<li>Todas las piezas son f\u00e1cilmente desmontables.<\/li>\n<li>Es f\u00e1cil de limpiar.<\/li>\n<li>Fabricada con materiales resistentes y duraderos.<\/li>\n<\/ul>\n<p>&nbsp;<\/p>\n<p><strong>USO Y ESPECIFICACIONES:<\/strong><\/p>\n<p>Arenero en forma de caja para gatos de todas las edades.<\/p>\n<p>&nbsp;<\/p>\n<p><strong>Material:<\/strong><\/p>\n<p>Pl\u00e1stico.<\/p>\n<p>&nbsp;<\/p>\n<p><strong>Modo de uso:<\/strong><\/p>\n<ul>\n<li>Seguir las instrucciones de armado que est\u00e1n en el empaque.<\/li>\n<li>Llena la caja con arena para gatos. La cantidad ideal es de aproximadamente 2 a 3 pulgadas (5 a 7,5 cm) de profundidad. Esto brinda suficiente espacio para que el gato pueda enterrar sus desechos sin que se derrame la arena.<\/li>\n<li>Aseg\u00farate de que la arena est\u00e9 nivelada y uniforme en toda la superficie de la caja.<\/li>\n<li>Retira diariamente los desechos s\u00f3lidos con una pala o cuchara especial para arena de gato.<\/li>\n<li>Semanalmente, vac\u00eda la arena y lava toda la caja con agua y jab\u00f3n suave.<\/li>\n<li>Cambia completamente la arena cada 2 a 4 semanas para mantener la higiene y evitar que los olores sean muy intensos.<\/li>\n<\/ul>\n<p>&nbsp;<\/p>\n<p><strong>Medidas:<\/strong><\/p>\n<p>39 x 40 x 56 cm.<\/p>\n<p>&nbsp;<\/p>\n<p><strong>Color:<\/strong><\/p>\n<p>Blanco y verde salvia.<\/p>\n<\/div>","protected":false},"excerpt":{"rendered":"<h2 id=\"Medidas\" class=\"variation-attribute__title js-variation-attribute-title has-link\" aria-label=\"Medidas:39 x 40 x 56 cm,selecci\u00f3n actual\" data-attribute-selected=\"selecci\u00f3n actual\" data-attribute-name=\"Medidas:\">Medidas:<strong class=\"variation-attribute__selected js-variation-attribute-selected\" data-afi=\"view-pdp-variants-selected\" aria-hidden=\"true\">\u00a039 x 40 x 56 cm<\/strong><\/h2>","protected":false},"featured_media":10552,"template":"","meta":[],"etheme_brands":[],"product_cat":[96,25,33],"product_tag":[],"class_list":{"0":"post-10551","1":"product","2":"type-product","3":"status-publish","4":"has-post-thumbnail","6":"product_cat-todos-los-productos","7":"product_cat-gatos","8":"product_cat-accesorios-gatos","10":"first","11":"instock","12":"taxable","13":"shipping-taxable","14":"purchasable","15":"product-type-simple"},"jetpack_sharing_enabled":true,"_links":{"self":[{"href":"https:\/\/familycancat.com\/en\/wp-json\/wp\/v2\/product\/10551","targetHints":{"allow":["GET"]}}],"collection":[{"href":"https:\/\/familycancat.com\/en\/wp-json\/wp\/v2\/product"}],"about":[{"href":"https:\/\/familycancat.com\/en\/wp-json\/wp\/v2\/types\/product"}],"version-history":[{"count":1,"href":"https:\/\/familycancat.com\/en\/wp-json\/wp\/v2\/product\/10551\/revisions"}],"predecessor-version":[{"id":10553,"href":"https:\/\/familycancat.com\/en\/wp-json\/wp\/v2\/product\/10551\/revisions\/10553"}],"wp:featuredmedia":[{"embeddable":true,"href":"https:\/\/familycancat.com\/en\/wp-json\/wp\/v2\/media\/10552"}],"wp:attachment":[{"href":"https:\/\/familycancat.com\/en\/wp-json\/wp\/v2\/media?parent=10551"}],"wp:term":[{"taxonomy":"brand","embeddable":true,"href":"https:\/\/familycancat.com\/en\/wp-json\/wp\/v2\/etheme_brands?post=10551"},{"taxonomy":"product_cat","embeddable":true,"href":"https:\/\/familycancat.com\/en\/wp-json\/wp\/v2\/product_cat?post=10551"},{"taxonomy":"product_tag","embeddable":true,"href":"https:\/\/familycancat.com\/en\/wp-json\/wp\/v2\/product_tag?post=10551"}],"curies":[{"name":"wp","href":"https:\/\/api.w.org\/{rel}","templated":true}]}}