{"id":10545,"date":"2026-04-20T16:47:34","date_gmt":"2026-04-20T15:47:34","guid":{"rendered":"https:\/\/familycancat.com\/?post_type=product&#038;p=10545"},"modified":"2026-04-20T17:25:32","modified_gmt":"2026-04-20T16:25:32","slug":"mfs-champu-antipicores-con-arbol-de-te-1-l","status":"publish","type":"product","link":"https:\/\/familycancat.com\/en\/product\/mfs-champu-antipicores-con-arbol-de-te-1-l\/","title":{"rendered":"MFS CHAMPU ANTIPICORES CON ARBOL DE TE 1 L"},"content":{"rendered":"<p>Champ\u00fa de m\u00e1xima calidad con Aceite Esencial de \u00c1rbol de T\u00e9, que se caracteriza principalmente por su capacidad de aliviar los picores ocasionales (prurito), y otras molestias relacionadas con peque\u00f1as irritaciones, sarpullidos, roces y picaduras de insectos. Casi siempre el picor y las costras desaparecen desde la primera aplicaci\u00f3n siendo visible que el pelaje deja de caerse y que este recobra la hidrataci\u00f3n normal.<\/p>\n<p><strong>INSTRUCTIONS FOR USE:<\/strong><\/p>\n<p>Wet the coat thoroughly with warm water. Apply the shampoo to the neck, back, paws, and legs. Massage until a rich, creamy lather forms and leave on for a few moments. Rinse and allow the dog to shake. Towel dry and remove any remaining moisture with a hairdryer while brushing the coat. pH balanced.<\/p>","protected":false},"excerpt":{"rendered":"<p>Champ\u00fa de m\u00e1xima calidad con Aceite Esencial de \u00c1rbol de T\u00e9, que se caracteriza principalmente por su capacidad de aliviar los picores ocasionales (prurito), y otras molestias relacionadas con peque\u00f1as irritaciones, sarpullidos, roces y picaduras de insectos.<\/p>","protected":false},"featured_media":9402,"template":"","meta":[],"etheme_brands":[{"term_id":143,"name":"MEN FOR SAN","slug":"men-for-san","term_group":0,"term_taxonomy_id":143,"taxonomy":"brand","description":"","parent":0,"count":10,"filter":"raw"}],"product_cat":[20,38],"product_tag":[],"class_list":{"0":"post-10545","1":"product","2":"type-product","3":"status-publish","4":"has-post-thumbnail","6":"brand-men-for-san","7":"product_cat-perros","8":"product_cat-higiene-y-salud-perros","10":"first","11":"instock","12":"taxable","13":"shipping-taxable","14":"purchasable","15":"product-type-simple"},"jetpack_sharing_enabled":true,"_links":{"self":[{"href":"https:\/\/familycancat.com\/en\/wp-json\/wp\/v2\/product\/10545","targetHints":{"allow":["GET"]}}],"collection":[{"href":"https:\/\/familycancat.com\/en\/wp-json\/wp\/v2\/product"}],"about":[{"href":"https:\/\/familycancat.com\/en\/wp-json\/wp\/v2\/types\/product"}],"version-history":[{"count":1,"href":"https:\/\/familycancat.com\/en\/wp-json\/wp\/v2\/product\/10545\/revisions"}],"predecessor-version":[{"id":10546,"href":"https:\/\/familycancat.com\/en\/wp-json\/wp\/v2\/product\/10545\/revisions\/10546"}],"wp:featuredmedia":[{"embeddable":true,"href":"https:\/\/familycancat.com\/en\/wp-json\/wp\/v2\/media\/9402"}],"wp:attachment":[{"href":"https:\/\/familycancat.com\/en\/wp-json\/wp\/v2\/media?parent=10545"}],"wp:term":[{"taxonomy":"brand","embeddable":true,"href":"https:\/\/familycancat.com\/en\/wp-json\/wp\/v2\/etheme_brands?post=10545"},{"taxonomy":"product_cat","embeddable":true,"href":"https:\/\/familycancat.com\/en\/wp-json\/wp\/v2\/product_cat?post=10545"},{"taxonomy":"product_tag","embeddable":true,"href":"https:\/\/familycancat.com\/en\/wp-json\/wp\/v2\/product_tag?post=10545"}],"curies":[{"name":"wp","href":"https:\/\/api.w.org\/{rel}","templated":true}]}}