{"id":10542,"date":"2026-04-20T12:19:43","date_gmt":"2026-04-20T11:19:43","guid":{"rendered":"https:\/\/familycancat.com\/?post_type=product&#038;p=10542"},"modified":"2026-04-20T12:26:40","modified_gmt":"2026-04-20T11:26:40","slug":"menforsan-champu-suave-para-gatos-300-ml","status":"publish","type":"product","link":"https:\/\/familycancat.com\/en\/product\/menforsan-champu-suave-para-gatos-300-ml\/","title":{"rendered":"Menforsan Champ\u00fa Suave para gatos 300 ML"},"content":{"rendered":"<div class=\"product-page-details__content is-short\">\n<p>El champ\u00fa para gatos muy suave Menforsan te ayudar\u00e1 a mimar a tu gato y cuidar muy bien de su piel y pelaje. Se trata de un champ\u00fa neutro de la m\u00e1s alta calidad con una &#8230;<\/p>\n<\/div>\n<div class=\"product-page-details__content is-long\">\n<h2>Crema de jab\u00f3n con pH neutro que cuida la piel y el pelaje de los felinos<\/h2>\n<p>El\u00a0<strong>champ\u00fa para gatos muy suave Menforsan<\/strong>\u00a0te ayudar\u00e1 a mimar a tu gato y cuidar muy bien de su piel y pelaje. Se trata de un champ\u00fa neutro de la m\u00e1s alta calidad con una f\u00f3rmula especial que incluye tensioactivos muy suaves que\u00a0<strong>protegen la piel y dan brillo al pelo<\/strong>. Es un producto de higiene animal que est\u00e1 indicado para gatos de cualquier raza a partir de un mes de edad.<\/p>\n<p>Este champ\u00fa para gatos intensifica el brillo del pelo gracias al n\u00e1car que contiene su f\u00f3rmula, que adem\u00e1s tiene un\u00a0<strong>pH balanceado<\/strong>\u00a0que respeta y protege el equilibrio natural de la piel del animal para el mantenimiento de un pelo muy suave, sedoso y brillante. Adem\u00e1s, el col\u00e1geno y los pol\u00edmeros protectores y acondicionadores\u00a0<strong>limpian, suavizan, nutren y protegen la piel y los pelajes\u00a0<\/strong>de los felinos.<\/p>\n<p>El champ\u00fa para gatos muy suave Menforsan incorpora\u00a0<strong>agentes desenredantes que facilitan el peinado<\/strong>, sin importar si el pelo est\u00e1 seco o mojado y sin aportar sensaci\u00f3n de grasa. Adem\u00e1s, contiene un agradable olor frutal a fresas. Este producto est\u00e1 recomendado para todo tipo de razas de gatos y especialmente para el lavado frecuente de\u00a0<strong>gatos de exposici\u00f3n<\/strong>\u00a0por la suavidad de sus componentes.<\/p>\n<p>Desde 1958, Laboratorios Bilper, con sede en Bizkaia, ha dedicado su trabajo a la fabricaci\u00f3n de productos de higiene,\u00a0<strong>limpieza y alta cosm\u00e9tica animal<\/strong>. Menforsan, responsable de este champ\u00fa, es una de sus marcas con m\u00e1s \u00e9xito y puedes encontrarla junto a muchos productos m\u00e1s de su cat\u00e1logo en nuestra tienda\u00a0<strong>a un precio muy asequible<\/strong>.<\/p>\n<p><strong>VENTAJAS<\/strong>:<\/p>\n<ul>\n<li>Champ\u00fa con tensioactivos para gatos de cualquier raza a partir de un mes.<\/li>\n<li>F\u00f3rmula especial con col\u00e1geno y agentes desenredantes que facilita el peinado.<\/li>\n<li>Contiene pol\u00edmeros protectores y acondicionadores que limpian y protegen la piel y el pelo.<\/li>\n<li>Con pH balanceado que cuida la piel del animal y mantiene un pelo suave y brillante.<\/li>\n<li>Recomendado para uso frecuente en gatos de exposici\u00f3n por su suavidad.<\/li>\n<\/ul>\n<p><strong>USO Y ESPECIFICACIONES<\/strong>:<\/p>\n<ul>\n<li>Champ\u00fa con pH neutro de alta calidad para gatos de cualquier raza a partir de un mes de vida, con tensioactivos que protegen y abrillantan el pelo y cuidan de la piel.<\/li>\n<\/ul>\n<p><strong>Instrucciones de uso<\/strong>:<\/p>\n<ul>\n<li>Mete a tu gato con delicadez en una palangana dentro de la ba\u00f1era y m\u00f3jalo completamente; a excepci\u00f3n de los ojos y los o\u00eddos.<\/li>\n<li>Aplica el champ\u00fa y frota bien por todo el cuerpo, sobre todo en la cola, las patas y el vientre.<\/li>\n<li>Luego enjuaga y repite el procedimiento si fuera necesario.<\/li>\n<li>Aclara con mucho cuidado y envuelve al gato con una toalla, fr\u00f3talo para eliminar el exceso de agua.<\/li>\n<li>Seca el exterior de los o\u00eddos con un trozo de algod\u00f3n.<\/li>\n<li>Si tu mascota lo tolera, seca con el secador de aire caliente y cepilla el pelaje.<\/li>\n<\/ul>\n<p><strong>Precauciones de uso<\/strong>:<\/p>\n<ul>\n<li>No debes mezclar este champ\u00fa con otros productos qu\u00edmicos.<\/li>\n<li>Evita el contacto directo con mucosas y ojos.<\/li>\n<li>Gu\u00e1rdalo lejos de alimentos y fuera del alcance de ni\u00f1os.<\/li>\n<li>Este producto no es apto para mascotas con menos de un mes de vida.<\/li>\n<li>No ingerir nunca. Si esto ocurre por accidente, consulta de inmediato con el Instituto Nacional de Toxicolog\u00eda. Tel.: ( 34) 91 562 04 20.<\/li>\n<\/ul>\n<p><strong>Composici\u00f3n<\/strong>:<\/p>\n<ul>\n<li>Aqua, Sodium Chloride, Sodium Laureth Sulfate, Polyquaternium 7, Cocamide DEA, Cocamidopropylbetaine, Chloromethylisothiazolinone, Methylisothiazolinone, Wheat (Triticum vulgare) Propylene Glycol, Citric Acid, Acid Yellow 23.<\/li>\n<\/ul>\n<p><strong>Tama\u00f1o\/formato<\/strong>:<\/p>\n<ul>\n<li>Disponible en frascos de 300 ml.<\/li>\n<\/ul>\n<p>&nbsp;<\/p>\n<p><em><strong>Con el champ\u00fa para gatos muy suave Menforsan tu felino lucir\u00e1 un pelaje espectacular siempre, lleno de brillo y sedoso.<\/strong><\/em><\/p>\n<\/div>","protected":false},"excerpt":{"rendered":"<p>El champ\u00fa para gatos muy suave Menforsan te ayudar\u00e1 a mimar a tu gato y cuidar muy bien de su piel y pelaje. Se trata&#8230;<\/p>","protected":false},"featured_media":0,"template":"","meta":[],"etheme_brands":[],"product_cat":[96,25,37],"product_tag":[],"class_list":{"0":"post-10542","1":"product","2":"type-product","3":"status-publish","5":"product_cat-todos-los-productos","6":"product_cat-gatos","7":"product_cat-higiene-y-salud-gatos","9":"first","10":"instock","11":"taxable","12":"shipping-taxable","13":"purchasable","14":"product-type-simple"},"jetpack_sharing_enabled":true,"_links":{"self":[{"href":"https:\/\/familycancat.com\/en\/wp-json\/wp\/v2\/product\/10542","targetHints":{"allow":["GET"]}}],"collection":[{"href":"https:\/\/familycancat.com\/en\/wp-json\/wp\/v2\/product"}],"about":[{"href":"https:\/\/familycancat.com\/en\/wp-json\/wp\/v2\/types\/product"}],"version-history":[{"count":1,"href":"https:\/\/familycancat.com\/en\/wp-json\/wp\/v2\/product\/10542\/revisions"}],"predecessor-version":[{"id":10544,"href":"https:\/\/familycancat.com\/en\/wp-json\/wp\/v2\/product\/10542\/revisions\/10544"}],"wp:attachment":[{"href":"https:\/\/familycancat.com\/en\/wp-json\/wp\/v2\/media?parent=10542"}],"wp:term":[{"taxonomy":"brand","embeddable":true,"href":"https:\/\/familycancat.com\/en\/wp-json\/wp\/v2\/etheme_brands?post=10542"},{"taxonomy":"product_cat","embeddable":true,"href":"https:\/\/familycancat.com\/en\/wp-json\/wp\/v2\/product_cat?post=10542"},{"taxonomy":"product_tag","embeddable":true,"href":"https:\/\/familycancat.com\/en\/wp-json\/wp\/v2\/product_tag?post=10542"}],"curies":[{"name":"wp","href":"https:\/\/api.w.org\/{rel}","templated":true}]}}