{"id":10475,"date":"2026-04-08T09:48:32","date_gmt":"2026-04-08T08:48:32","guid":{"rendered":"https:\/\/familycancat.com\/?post_type=product&#038;p=10475"},"modified":"2026-04-08T09:54:46","modified_gmt":"2026-04-08T08:54:46","slug":"familycan-65-salmon-escoces-senior-light-raza-mediana-grande-2kg","status":"publish","type":"product","link":"https:\/\/familycancat.com\/en\/product\/familycan-65-salmon-escoces-senior-light-raza-mediana-grande-2kg\/","title":{"rendered":"FamilyCan 65%  Salm\u00f3n Escoc\u00e9s Senior-Light Raza mediana grande 2KG"},"content":{"rendered":"<div class=\"page\" title=\"Page 1\">\n<div class=\"layoutArea\">\n<div class=\"column\">\n<p><strong>Pavo de Corral<\/strong><\/p>\n<p>Ofrecemos a sus clientes salm\u00f3n escoc\u00e9s en su gama Superfood 65\u00ae, ahora puedes contar una historia atractiva sobre su Origen. Esta receta contiene Salm\u00f3n Escoc\u00e9s y se alimenta con comida de la mejor calidad, y su cr\u00eda es menos intensiva, con menos peces en la malla, lo cual les permite nadar m\u00e1s y desarrollar m\u00e1s masa muscular<\/p>\n<div class=\"page\" title=\"Page 1\">\n<div class=\"layoutArea\">\n<div class=\"column\">\n<p><strong>65% Total de Pavo y Cerdo<\/strong> Rico en aminoa\u0301cidos esenciales, vitaminas y minerales para apoyar la salud y el bienestar diarios.<\/p>\n<div class=\"page\" title=\"Page 1\">\n<div class=\"layoutArea\">\n<div class=\"column\">\n<p><strong>Mi\u0301nimo 35%<\/strong> de Pavo de Granja Preparado Fresco<\/p>\n<div class=\"page\" title=\"Page 1\">\n<div class=\"layoutArea\">\n<div class=\"column\">\n<p><strong>Suplemento de omega 3<\/strong> an\u0303adido Para apoyar al desarrollo cognitivo y visual de los cachorros.<\/p>\n<div class=\"page\" title=\"Page 1\">\n<div class=\"layoutArea\">\n<div class=\"column\">\n<p><strong>Ayuda a las articulaciones<\/strong> Que se encuentra en los ingredientes preparados en fresco y que ayuda a mantener la salud de las articulaciones y la piel.<\/p>\n<div class=\"page\" title=\"Page 1\">\n<div class=\"layoutArea\">\n<div class=\"column\">\n<p><strong>Mezcla Superfood<\/strong><br \/>\nUna mezcla de 5 superalimentos cuidadosamente seleccionados, todos y cada uno de ellos con sus beneficios u\u0301nicos.<\/p>\n<div class=\"page\" title=\"Page 1\">\n<div class=\"layoutArea\">\n<div class=\"column\">\n<p>PEREJIL: Aporta Vitamina A, importante para desarrollar y mantener\/ conservar una buena visio\u0301n.<\/p>\n<p>PAPAYA: Una buena fuente de Vitamina C que ayuda a mantener un sistema inmunolo\u0301gico sano.<\/p>\n<p>ORTIGA: Rico en Calcio para contribuir al desarrollo de huesos y dientes sanos.<\/p>\n<\/div>\n<div class=\"column\">\n<p>CALABACI\u0301N: Fuente de Potasio para ayudar con las funciones nerviosas y musculares.<\/p>\n<p>CALABAZA: Proporciona una fuente de Fo\u0301lico, importante para el crecimiento celular.<\/p>\n<div class=\"page\" title=\"Page 2\">\n<div class=\"layoutArea\">\n<div class=\"column\">\n<p><strong>COMPOSITION<\/strong><\/p>\n<div class=\"page\" title=\"Page 2\">\n<div class=\"layoutArea\">\n<div class=\"column\">\n<p>Salm\u00f3n 65% (incluyendo Salm\u00f3n Escoc\u00e9s Preparado Fresco 35%, Salm\u00f3n Seco 24,5%, Aceite de Salm\u00f3n 3% y Salsa de Salm\u00f3n 2,5%), Boniato, Jud\u00edas, Pulpa de Remolacha, Mezcla de Superfoods Deshidratados* (incluye Eneldo, Espinacas, Hinojo, Esp\u00e1rragos, Tomate), Minerales, Suplemento de Omega 3, paquete para las articulaciones (Glucosamina 178 mg\/kg, Metilsulfonilmetano 178 mg\/kg, Sulfato de Condroitina 125 mg\/kg), Fructooligosac\u00e1ridos (FOS, 175 mg\/kg), Mannanoligosac\u00e1ridos (MOS, 50 mg\/kg), Extracto de Oliva (0,01%)<\/p>\n<\/div>\n<\/div>\n<\/div>\n<\/div>\n<\/div>\n<\/div>\n<div class=\"page\" title=\"Page 2\">\n<div class=\"layoutArea\">\n<div class=\"column\">\n<p><strong>VITAMINAS: <\/strong><\/p>\n<p>Vitamina A 14.423 UI, Vitamina D3 2.000 UI, Vitamina E 96 UI OLIGOELEMENTOS: Zinc (Sulfato de Zinc Monohidratado) 48 mg, Hierro (Sulfato de Hierro (II) Monohidratado) 48 mg, Manganeso (Sulfato de Manganeso Monohidratado) 34 mg, Yodo (Yodato de Calcio Anhidro) 0,96 mg<\/p>\n<p><strong>PROVITAMINA: <\/strong><\/p>\n<p>L-Carnitina 240 mg<\/p>\n<p><strong>ANALYTICAL CONSTITUENTS<\/strong><\/p>\n<\/div>\n<\/div>\n<div class=\"layoutArea\">\n<div class=\"column\">\n<p>Prote\u00edna Bruta 35%<\/p>\n<p>Grasa Bruta 11%<\/p>\n<p>Fibra Bruta 3,5%<\/p>\n<p>Ceniza Bruta 9,5%<\/p>\n<p>Humedad 8%<\/p>\n<p>NFE 33%<\/p>\n<p>Energ\u00eda Metabolizable 352 kcal\/100g<\/p>\n<p>\u00c1cidos Grasos Omega 6 1,7%<\/p>\n<p>\u00c1cidos Grasos Omega 3 1,8%<\/p>\n<p>Calcio 1,7% F\u00f3sforo 1,5%<\/p>\n<p>Col\u00e1geno 4%<\/p>\n<\/div>\n<\/div>\n<\/div>\n<\/div>\n<\/div>\n<\/div>\n<\/div>\n<\/div>\n<\/div>\n<\/div>\n<\/div>\n<\/div>\n<\/div>\n<\/div>\n<\/div>\n<\/div>\n<\/div>\n<\/div>\n<\/div>\n<\/div>\n<\/div>\n<\/div>\n<\/div>\n<\/div>","protected":false},"excerpt":{"rendered":"<p>Pavo de Corral Ofrecemos a sus clientes salm\u00f3n escoc\u00e9s en su gama Superfood 65\u00ae, ahora puedes contar una historia atractiva sobre su Origen. Esta receta&#8230;<\/p>","protected":false},"featured_media":0,"template":"","meta":[],"etheme_brands":[],"product_cat":[96,20,88,130],"product_tag":[],"class_list":{"0":"post-10475","1":"product","2":"type-product","3":"status-publish","5":"product_cat-todos-los-productos","6":"product_cat-perros","7":"product_cat-pienso-para-perros","8":"product_cat-pienso-cachorros","10":"first","11":"instock","12":"taxable","13":"shipping-taxable","14":"purchasable","15":"product-type-simple"},"jetpack_sharing_enabled":true,"_links":{"self":[{"href":"https:\/\/familycancat.com\/en\/wp-json\/wp\/v2\/product\/10475","targetHints":{"allow":["GET"]}}],"collection":[{"href":"https:\/\/familycancat.com\/en\/wp-json\/wp\/v2\/product"}],"about":[{"href":"https:\/\/familycancat.com\/en\/wp-json\/wp\/v2\/types\/product"}],"version-history":[{"count":2,"href":"https:\/\/familycancat.com\/en\/wp-json\/wp\/v2\/product\/10475\/revisions"}],"predecessor-version":[{"id":10477,"href":"https:\/\/familycancat.com\/en\/wp-json\/wp\/v2\/product\/10475\/revisions\/10477"}],"wp:attachment":[{"href":"https:\/\/familycancat.com\/en\/wp-json\/wp\/v2\/media?parent=10475"}],"wp:term":[{"taxonomy":"brand","embeddable":true,"href":"https:\/\/familycancat.com\/en\/wp-json\/wp\/v2\/etheme_brands?post=10475"},{"taxonomy":"product_cat","embeddable":true,"href":"https:\/\/familycancat.com\/en\/wp-json\/wp\/v2\/product_cat?post=10475"},{"taxonomy":"product_tag","embeddable":true,"href":"https:\/\/familycancat.com\/en\/wp-json\/wp\/v2\/product_tag?post=10475"}],"curies":[{"name":"wp","href":"https:\/\/api.w.org\/{rel}","templated":true}]}}