{"id":10393,"date":"2026-03-02T11:16:32","date_gmt":"2026-03-02T10:16:32","guid":{"rendered":"https:\/\/familycancat.com\/?post_type=product&#038;p=10393"},"modified":"2026-03-02T11:18:39","modified_gmt":"2026-03-02T10:18:39","slug":"gloria-nyemeyeer-palo-con-gusano-de-piel-de-conejo","status":"publish","type":"product","link":"https:\/\/familycancat.com\/en\/product\/gloria-nyemeyeer-palo-con-gusano-de-piel-de-conejo\/","title":{"rendered":"Gloria Nyemeyeer Palo con Gusano de piel de conejo"},"content":{"rendered":"<div>\n<p><strong>Gloria Nyemeyeer Palo con Gusano de piel de conejo<\/strong><\/p>\n<p><strong>\u2022 Juego instintivo que imita la acci\u00f3n de cazar.<\/strong><br \/>\n\u2022 Desarrolla la coordinaci\u00f3n, la medici\u00f3n del tiempo y el control de las<br \/>\ndistancias.<br \/>\n<strong>\u2022 Refuerza sus est\u00edmulos, agilidad y actividad.<\/strong><br \/>\n\u2022 100% natural. Hecho en Espa\u00f1a.<br \/>\n\u2022 Diferentes formatos: ca\u00f1as, cojines, pompones&#8230;<br \/>\n<strong>\u2022 Desarrolla el juego aut\u00f3nomo o en compa\u00f1\u00eda.<br \/>\n\u2022 Empleamos elementos sostenibles, naturales y ecol\u00f3gicos para fabricar y empaquetar estos juguetes<\/strong><\/p>\n<\/div>","protected":false},"excerpt":{"rendered":"<p>Gloria Nyemeyeer Palo con Gusano de piel de conejo \u2022 Juego instintivo que imita la acci\u00f3n de cazar. \u2022 Desarrolla la coordinaci\u00f3n, la medici\u00f3n del&#8230;<\/p>","protected":false},"featured_media":10394,"template":"","meta":[],"etheme_brands":[],"product_cat":[96,25,85],"product_tag":[],"class_list":{"0":"post-10393","1":"product","2":"type-product","3":"status-publish","4":"has-post-thumbnail","6":"product_cat-todos-los-productos","7":"product_cat-gatos","8":"product_cat-juguetes-para-gatos","10":"first","11":"instock","12":"taxable","13":"shipping-taxable","14":"purchasable","15":"product-type-simple"},"jetpack_sharing_enabled":true,"_links":{"self":[{"href":"https:\/\/familycancat.com\/en\/wp-json\/wp\/v2\/product\/10393","targetHints":{"allow":["GET"]}}],"collection":[{"href":"https:\/\/familycancat.com\/en\/wp-json\/wp\/v2\/product"}],"about":[{"href":"https:\/\/familycancat.com\/en\/wp-json\/wp\/v2\/types\/product"}],"version-history":[{"count":1,"href":"https:\/\/familycancat.com\/en\/wp-json\/wp\/v2\/product\/10393\/revisions"}],"predecessor-version":[{"id":10395,"href":"https:\/\/familycancat.com\/en\/wp-json\/wp\/v2\/product\/10393\/revisions\/10395"}],"wp:featuredmedia":[{"embeddable":true,"href":"https:\/\/familycancat.com\/en\/wp-json\/wp\/v2\/media\/10394"}],"wp:attachment":[{"href":"https:\/\/familycancat.com\/en\/wp-json\/wp\/v2\/media?parent=10393"}],"wp:term":[{"taxonomy":"brand","embeddable":true,"href":"https:\/\/familycancat.com\/en\/wp-json\/wp\/v2\/etheme_brands?post=10393"},{"taxonomy":"product_cat","embeddable":true,"href":"https:\/\/familycancat.com\/en\/wp-json\/wp\/v2\/product_cat?post=10393"},{"taxonomy":"product_tag","embeddable":true,"href":"https:\/\/familycancat.com\/en\/wp-json\/wp\/v2\/product_tag?post=10393"}],"curies":[{"name":"wp","href":"https:\/\/api.w.org\/{rel}","templated":true}]}}