{"id":10388,"date":"2026-02-27T12:44:00","date_gmt":"2026-02-27T11:44:00","guid":{"rendered":"https:\/\/familycancat.com\/?post_type=product&#038;p=10388"},"modified":"2026-03-02T11:16:15","modified_gmt":"2026-03-02T10:16:15","slug":"anti-tirones","status":"publish","type":"product","link":"https:\/\/familycancat.com\/en\/product\/anti-tirones\/","title":{"rendered":"Flamingo Collar Anti-Tirones Aiden Rojo para Perros"},"content":{"rendered":"<div><strong>Collar antitirones Aiden Rojo<\/strong><\/div>\n<div><\/div>\n<div><strong>Material: nailon<\/strong><\/div>\n<div><strong>Tiene un tope de seguridad de ajuste progresivo<\/strong><\/div>\n<div><strong>Los tope de seguridad y anillas met\u00e1licas tienen un acabado gris oscuro brillante<\/strong><\/div>\n<div><\/div>\n<div><strong>Acabado\/Realizaci\u00f3n: Brillante, Con aspecto de bronce de ca\u00f1\u00f3n en gris oscuro<\/strong><\/div>\n<div><\/div>\n<div><strong>Medidas:<\/strong><\/div>\n<div>XS: 40cm L x 0.8cm An x 0.8cm Al<\/div>\n<div>S: 45cm L x 1cm An x 1cm Al<\/div>\n<div>M: 50cm L x 1cm An x 1cm Al<\/div>\n<div>L: 55cm L x 1.2cm An x 1.2cm Al<\/div>\n<div>XL: 60cm L x 1.2cm An x 1.2cm Al<\/div>","protected":false},"excerpt":{"rendered":"<p>Collar antitirones Aiden Rojo Material: nailon Tiene un tope de seguridad de ajuste progresivo Los tope de seguridad y anillas met\u00e1licas tienen un acabado gris&#8230;<\/p>","protected":false},"featured_media":10391,"template":"","meta":[],"etheme_brands":[],"product_cat":[96],"product_tag":[],"class_list":{"0":"post-10388","1":"product","2":"type-product","3":"status-publish","4":"has-post-thumbnail","6":"product_cat-todos-los-productos","8":"first","9":"instock","10":"taxable","11":"shipping-taxable","12":"purchasable","13":"product-type-simple"},"jetpack_sharing_enabled":true,"_links":{"self":[{"href":"https:\/\/familycancat.com\/en\/wp-json\/wp\/v2\/product\/10388","targetHints":{"allow":["GET"]}}],"collection":[{"href":"https:\/\/familycancat.com\/en\/wp-json\/wp\/v2\/product"}],"about":[{"href":"https:\/\/familycancat.com\/en\/wp-json\/wp\/v2\/types\/product"}],"version-history":[{"count":2,"href":"https:\/\/familycancat.com\/en\/wp-json\/wp\/v2\/product\/10388\/revisions"}],"predecessor-version":[{"id":10392,"href":"https:\/\/familycancat.com\/en\/wp-json\/wp\/v2\/product\/10388\/revisions\/10392"}],"wp:featuredmedia":[{"embeddable":true,"href":"https:\/\/familycancat.com\/en\/wp-json\/wp\/v2\/media\/10391"}],"wp:attachment":[{"href":"https:\/\/familycancat.com\/en\/wp-json\/wp\/v2\/media?parent=10388"}],"wp:term":[{"taxonomy":"brand","embeddable":true,"href":"https:\/\/familycancat.com\/en\/wp-json\/wp\/v2\/etheme_brands?post=10388"},{"taxonomy":"product_cat","embeddable":true,"href":"https:\/\/familycancat.com\/en\/wp-json\/wp\/v2\/product_cat?post=10388"},{"taxonomy":"product_tag","embeddable":true,"href":"https:\/\/familycancat.com\/en\/wp-json\/wp\/v2\/product_tag?post=10388"}],"curies":[{"name":"wp","href":"https:\/\/api.w.org\/{rel}","templated":true}]}}