{"id":10385,"date":"2026-02-27T12:13:10","date_gmt":"2026-02-27T11:13:10","guid":{"rendered":"https:\/\/familycancat.com\/?post_type=product&#038;p=10385"},"modified":"2026-02-27T12:13:12","modified_gmt":"2026-02-27T11:13:12","slug":"lickimat-comedero-buddy-rojo-para-perros","status":"publish","type":"product","link":"https:\/\/familycancat.com\/en\/product\/lickimat-comedero-buddy-rojo-para-perros\/","title":{"rendered":"LickiMat Comedero Buddy Rojo para perros"},"content":{"rendered":"<div class=\"product-page-details__content is-short\">Comedero LickiMat para perros que ayuda a reducir el nivel de estr\u00e9s\/ansiedad y combate el aburrimiento.<\/div>\n<div class=\"product-page-details__content is-long\">\n<h2>Comedero buddy para perros<\/h2>\n<ul>\n<li>Comedero para perro con dise\u00f1o en cruz que ralentiza la ingesta.<\/li>\n<li>Ayuda a comer m\u00e1s despacio para una toma m\u00e1s segura.<\/li>\n<li>Apto para comida en trozos, comida h\u00fameda o pur\u00e9s.<\/li>\n<li>Favorece una masticaci\u00f3n m\u00e1s pausada que mejora la digesti\u00f3n.<\/li>\n<li>Especialmente indicado para perros peque\u00f1os y medianos.<\/li>\n<li>Ideal para perros en post-operatorio o de edad avanzada.<\/li>\n<li>F\u00e1cil de integrar en la rutina diaria de alimentaci\u00f3n.<\/li>\n<\/ul>\n<p><strong>MATERIAL:<\/strong><\/p>\n<p>Elaborado con pl\u00e1stico resistente.<\/p>\n<\/div>","protected":false},"excerpt":{"rendered":"<p>Comedero LickiMat para perros que ayuda a reducir el nivel de estr\u00e9s\/ansiedad y combate el aburrimiento. Comedero buddy para perros Comedero para perro con dise\u00f1o&#8230;<\/p>","protected":false},"featured_media":10386,"template":"","meta":[],"etheme_brands":[{"term_id":157,"name":"LICKIMAT","slug":"lickimat","term_group":0,"term_taxonomy_id":157,"taxonomy":"brand","description":"","parent":0,"count":2,"filter":"raw"}],"product_cat":[96,20,93],"product_tag":[],"class_list":{"0":"post-10385","1":"product","2":"type-product","3":"status-publish","4":"has-post-thumbnail","6":"brand-lickimat","7":"product_cat-todos-los-productos","8":"product_cat-perros","9":"product_cat-juguetes-y-educacion","11":"first","12":"instock","13":"taxable","14":"shipping-taxable","15":"purchasable","16":"product-type-simple"},"jetpack_sharing_enabled":true,"_links":{"self":[{"href":"https:\/\/familycancat.com\/en\/wp-json\/wp\/v2\/product\/10385","targetHints":{"allow":["GET"]}}],"collection":[{"href":"https:\/\/familycancat.com\/en\/wp-json\/wp\/v2\/product"}],"about":[{"href":"https:\/\/familycancat.com\/en\/wp-json\/wp\/v2\/types\/product"}],"version-history":[{"count":1,"href":"https:\/\/familycancat.com\/en\/wp-json\/wp\/v2\/product\/10385\/revisions"}],"predecessor-version":[{"id":10387,"href":"https:\/\/familycancat.com\/en\/wp-json\/wp\/v2\/product\/10385\/revisions\/10387"}],"wp:featuredmedia":[{"embeddable":true,"href":"https:\/\/familycancat.com\/en\/wp-json\/wp\/v2\/media\/10386"}],"wp:attachment":[{"href":"https:\/\/familycancat.com\/en\/wp-json\/wp\/v2\/media?parent=10385"}],"wp:term":[{"taxonomy":"brand","embeddable":true,"href":"https:\/\/familycancat.com\/en\/wp-json\/wp\/v2\/etheme_brands?post=10385"},{"taxonomy":"product_cat","embeddable":true,"href":"https:\/\/familycancat.com\/en\/wp-json\/wp\/v2\/product_cat?post=10385"},{"taxonomy":"product_tag","embeddable":true,"href":"https:\/\/familycancat.com\/en\/wp-json\/wp\/v2\/product_tag?post=10385"}],"curies":[{"name":"wp","href":"https:\/\/api.w.org\/{rel}","templated":true}]}}