{"id":10376,"date":"2026-02-25T20:14:25","date_gmt":"2026-02-25T19:14:25","guid":{"rendered":"https:\/\/familycancat.com\/?post_type=product&#038;p=10376"},"modified":"2026-03-09T12:05:50","modified_gmt":"2026-03-09T11:05:50","slug":"red-dingo-arnes-style-con-puntos-azules-para-perros-xl-cuello-46-76-cuerpo-56-80","status":"publish","type":"product","link":"https:\/\/familycancat.com\/en\/product\/red-dingo-arnes-style-con-puntos-azules-para-perros-xl-cuello-46-76-cuerpo-56-80\/","title":{"rendered":"Red Dingo Arnes Style con puntos azules para Perros XL ( cuello : 46-76 cuerpo 56-80 )"},"content":{"rendered":"<p><strong>Arn\u00e9s de nylon de alta calidad para perros de todos los tama\u00f1os con cierre f\u00e1cil o click con el huesito, simbolo distintivo de la prestigiosa marca Red Dingo.\u00a0<\/strong><\/p>\n<p>Los acabados de este petral son irreprochables y se nota enseguida a la suavidad del nailon que no le provocar\u00e1 ning\u00fan roce a la piel de su perro.<\/p>\n<p><strong>El cierre f\u00e1cil de este arn\u00e9s de nylon para perros, aparte de ser particularmente elegante con su forma de huesito es\u00a0 de f\u00e1cil manejo, por lo que podra poner y quitar el collar con rapidez, incluso con una sola mano.<\/strong><\/p>\n<p>Es completamente ajustable, tanto en el contorno de hombros como de barriga, y en el largo de lomo.<\/p>\n<p>Dispone de un anillo de alta calidad para atar el mosquet\u00f3n de la correa.<\/p>\n<p><strong>Correa a juego disponible. No incluida con el arnes<\/strong><\/p>\n<p><strong>Medidas:<\/strong><br \/>\nT.S: 12mm x 25-39 \/ 30-44cm<br \/>\nT.M: 15mm x 30-48 \/ 37-55cm<br \/>\nT.L: 20mm x 36-59 \/ 45-66cm<br \/>\nT.XL: 25mm x 46-76 \/ 56-80 cm<\/p>","protected":false},"excerpt":{"rendered":"<p>Arn\u00e9s de nylon de alta calidad para perros de todos los tama\u00f1os con cierre f\u00e1cil o click con el huesito, simbolo distintivo de la prestigiosa&#8230;<\/p>","protected":false},"featured_media":10378,"template":"","meta":[],"etheme_brands":[{"term_id":154,"name":"RED DINGO","slug":"red-dingo","term_group":0,"term_taxonomy_id":154,"taxonomy":"brand","description":"","parent":0,"count":15,"filter":"raw"}],"product_cat":[96],"product_tag":[],"class_list":{"0":"post-10376","1":"product","2":"type-product","3":"status-publish","4":"has-post-thumbnail","6":"brand-red-dingo","7":"product_cat-todos-los-productos","9":"first","10":"instock","11":"taxable","12":"shipping-taxable","13":"purchasable","14":"product-type-simple"},"jetpack_sharing_enabled":true,"_links":{"self":[{"href":"https:\/\/familycancat.com\/en\/wp-json\/wp\/v2\/product\/10376","targetHints":{"allow":["GET"]}}],"collection":[{"href":"https:\/\/familycancat.com\/en\/wp-json\/wp\/v2\/product"}],"about":[{"href":"https:\/\/familycancat.com\/en\/wp-json\/wp\/v2\/types\/product"}],"version-history":[{"count":1,"href":"https:\/\/familycancat.com\/en\/wp-json\/wp\/v2\/product\/10376\/revisions"}],"predecessor-version":[{"id":10377,"href":"https:\/\/familycancat.com\/en\/wp-json\/wp\/v2\/product\/10376\/revisions\/10377"}],"wp:featuredmedia":[{"embeddable":true,"href":"https:\/\/familycancat.com\/en\/wp-json\/wp\/v2\/media\/10378"}],"wp:attachment":[{"href":"https:\/\/familycancat.com\/en\/wp-json\/wp\/v2\/media?parent=10376"}],"wp:term":[{"taxonomy":"brand","embeddable":true,"href":"https:\/\/familycancat.com\/en\/wp-json\/wp\/v2\/etheme_brands?post=10376"},{"taxonomy":"product_cat","embeddable":true,"href":"https:\/\/familycancat.com\/en\/wp-json\/wp\/v2\/product_cat?post=10376"},{"taxonomy":"product_tag","embeddable":true,"href":"https:\/\/familycancat.com\/en\/wp-json\/wp\/v2\/product_tag?post=10376"}],"curies":[{"name":"wp","href":"https:\/\/api.w.org\/{rel}","templated":true}]}}