{"id":10372,"date":"2026-02-24T19:51:23","date_gmt":"2026-02-24T18:51:23","guid":{"rendered":"https:\/\/familycancat.com\/?post_type=product&#038;p=10372"},"modified":"2026-02-24T19:57:39","modified_gmt":"2026-02-24T18:57:39","slug":"kong-juguete-extreme-xxl","status":"publish","type":"product","link":"https:\/\/familycancat.com\/en\/product\/kong-juguete-extreme-xxl\/","title":{"rendered":"Kong Juguete Extreme XXL"},"content":{"rendered":"<p>El juguete para perros KONG Extreme representa la resistencia m\u00e1s duradera del caucho KONG.\u00a0Dise\u00f1ado para los\u00a0<strong>masticadores m\u00e1s duros<\/strong>, el KONG Extreme ofrece enriquecimiento y ayuda a satisfacer las\u00a0<strong>necesidades instintivas\u00a0<\/strong>de los perros.\u00a0La exclusiva f\u00f3rmula de\u00a0<strong>caucho natural ultrarresistente\u00a0<\/strong>de KONG est\u00e1 dise\u00f1ada para masticadores decididos, mientras que el rebote err\u00e1tico satisface la necesidad de jugar de un perro.<\/p>\n<p><strong>\u00bfQuieres extender el tiempo de juego?<\/strong><\/p>\n<p>Aseg\u00farate de rellenar con tentadores trocitos de croquetas y seduce con una pizca de mantequilla de man\u00ed.\u00a0Agregue diversi\u00f3n agregando KONG Snacks y cubra con KONG Easy Treat.\u00a0Stuff and Freeze para un desaf\u00edo m\u00e1s duradero.<\/p>\n<p><strong>Caracter\u00edsticas:<\/strong><\/p>\n<ul>\n<li>Perfecto para rellenar con bocados KONG Stuff&#8217;N<\/li>\n<li>Ayuda a reducir el aburrimiento y la ansiedad por separaci\u00f3n de los masticadores m\u00e1s en\u00e9rgicos<\/li>\n<li>Bote irregular para juegos de buscar y recoger<\/li>\n<li>Utilizado en todo el mundo por la polic\u00eda, la brigada antidrogas y las unidades caninas del ej\u00e9rcito<\/li>\n<li>Tambi\u00e9n utilizado por los adiestradores de competici\u00f3n Schutzhund y AKC<\/li>\n<li>Disponible en cinco tama\u00f1os: Peque\u00f1o, Mediano, Grande, X-Grande y XX-Grande.<\/li>\n<\/ul>","protected":false},"excerpt":{"rendered":"<p>El juguete para perros KONG Extreme representa la resistencia m\u00e1s duradera del caucho KONG.\u00a0Dise\u00f1ado para los\u00a0masticadores m\u00e1s duros, el KONG Extreme ofrece enriquecimiento y ayuda&#8230;<\/p>","protected":false},"featured_media":10366,"template":"","meta":[],"etheme_brands":[{"term_id":117,"name":"KONG","slug":"kong","term_group":0,"term_taxonomy_id":117,"taxonomy":"brand","description":"","parent":0,"count":25,"filter":"raw"}],"product_cat":[96,20,93],"product_tag":[],"class_list":{"0":"post-10372","1":"product","2":"type-product","3":"status-publish","4":"has-post-thumbnail","6":"brand-kong","7":"product_cat-todos-los-productos","8":"product_cat-perros","9":"product_cat-juguetes-y-educacion","11":"first","12":"instock","13":"taxable","14":"shipping-taxable","15":"purchasable","16":"product-type-simple"},"jetpack_sharing_enabled":true,"_links":{"self":[{"href":"https:\/\/familycancat.com\/en\/wp-json\/wp\/v2\/product\/10372","targetHints":{"allow":["GET"]}}],"collection":[{"href":"https:\/\/familycancat.com\/en\/wp-json\/wp\/v2\/product"}],"about":[{"href":"https:\/\/familycancat.com\/en\/wp-json\/wp\/v2\/types\/product"}],"version-history":[{"count":1,"href":"https:\/\/familycancat.com\/en\/wp-json\/wp\/v2\/product\/10372\/revisions"}],"predecessor-version":[{"id":10373,"href":"https:\/\/familycancat.com\/en\/wp-json\/wp\/v2\/product\/10372\/revisions\/10373"}],"wp:featuredmedia":[{"embeddable":true,"href":"https:\/\/familycancat.com\/en\/wp-json\/wp\/v2\/media\/10366"}],"wp:attachment":[{"href":"https:\/\/familycancat.com\/en\/wp-json\/wp\/v2\/media?parent=10372"}],"wp:term":[{"taxonomy":"brand","embeddable":true,"href":"https:\/\/familycancat.com\/en\/wp-json\/wp\/v2\/etheme_brands?post=10372"},{"taxonomy":"product_cat","embeddable":true,"href":"https:\/\/familycancat.com\/en\/wp-json\/wp\/v2\/product_cat?post=10372"},{"taxonomy":"product_tag","embeddable":true,"href":"https:\/\/familycancat.com\/en\/wp-json\/wp\/v2\/product_tag?post=10372"}],"curies":[{"name":"wp","href":"https:\/\/api.w.org\/{rel}","templated":true}]}}