{"id":10349,"date":"2026-02-24T18:54:27","date_gmt":"2026-02-24T17:54:27","guid":{"rendered":"https:\/\/familycancat.com\/?post_type=product&#038;p=10349"},"modified":"2026-02-24T18:59:45","modified_gmt":"2026-02-24T17:59:45","slug":"kong-juguete-classic-xl","status":"publish","type":"product","link":"https:\/\/familycancat.com\/en\/product\/kong-juguete-classic-xl\/","title":{"rendered":"Kong Juguete Classic XL"},"content":{"rendered":"<p>El KONG Classic es el modelo de referencia de los juguetes para perros y ha sido el art\u00edculo esencial de los perros de todo el mundo desde hace m\u00e1s de cuarenta a\u00f1os.<\/p>\n<p>Los beneficios del KONG Classic ayudan a satisfacer las necesidades instintivas de los perros, y su exclusiva f\u00f3rmula de caucho rojo completamente natural es ultraduradera y produce un rebote err\u00e1tico ideal para perros a los que les gusta masticar mientras satisfacen su necesidad de jugar.<\/p>\n<p>\u00bfQuiere prolongar el tiempo de juego? Rell\u00e9nelo con tentadores trozos de alimento balanceado y col\u00f3quele un toque de mantequilla de man\u00ed para que sea a\u00fan m\u00e1s atractivo.<\/p>\n<p>Para sumar m\u00e1s diversi\u00f3n, agregue KONG Snacks y cubra con KONG Easy Treat.<\/p>\n<ul class=\"bullets\">\n<li>Juguete que estimula la salud mental y aporta beneficios al satisfacer las necesidades instintivas del perro<\/li>\n<li>\u00a0F\u00f3rmula de caucho rojo KONG Classic para masticadores promedio<\/li>\n<li>\u00a0Rebote irregular para juegos de buscar y recoger<\/li>\n<li>\u00a0Fant\u00e1stico para rellenar con KONG Easy Treat, Snacks o Ziggies<\/li>\n<li>\u00a0Recomendado por veterinarios y adiestradores en todo el mundo<\/li>\n<li>\u00a0Fabricado en EE.\u00a0UU. con caucho completamente natural<\/li>\n<li>\u00a0Cong\u00e9lelo con los sabores favoritos de su perro para un juego m\u00e1s prolongado<\/li>\n<\/ul>","protected":false},"excerpt":{"rendered":"<p>El KONG Classic es el modelo de referencia de los juguetes para perros y ha sido el art\u00edculo esencial de los perros de todo el&#8230;<\/p>","protected":false},"featured_media":10350,"template":"","meta":[],"etheme_brands":[],"product_cat":[96,20,93],"product_tag":[],"class_list":{"0":"post-10349","1":"product","2":"type-product","3":"status-publish","4":"has-post-thumbnail","6":"product_cat-todos-los-productos","7":"product_cat-perros","8":"product_cat-juguetes-y-educacion","10":"first","11":"instock","12":"taxable","13":"shipping-taxable","14":"purchasable","15":"product-type-simple"},"jetpack_sharing_enabled":true,"_links":{"self":[{"href":"https:\/\/familycancat.com\/en\/wp-json\/wp\/v2\/product\/10349","targetHints":{"allow":["GET"]}}],"collection":[{"href":"https:\/\/familycancat.com\/en\/wp-json\/wp\/v2\/product"}],"about":[{"href":"https:\/\/familycancat.com\/en\/wp-json\/wp\/v2\/types\/product"}],"version-history":[{"count":1,"href":"https:\/\/familycancat.com\/en\/wp-json\/wp\/v2\/product\/10349\/revisions"}],"predecessor-version":[{"id":10351,"href":"https:\/\/familycancat.com\/en\/wp-json\/wp\/v2\/product\/10349\/revisions\/10351"}],"wp:featuredmedia":[{"embeddable":true,"href":"https:\/\/familycancat.com\/en\/wp-json\/wp\/v2\/media\/10350"}],"wp:attachment":[{"href":"https:\/\/familycancat.com\/en\/wp-json\/wp\/v2\/media?parent=10349"}],"wp:term":[{"taxonomy":"brand","embeddable":true,"href":"https:\/\/familycancat.com\/en\/wp-json\/wp\/v2\/etheme_brands?post=10349"},{"taxonomy":"product_cat","embeddable":true,"href":"https:\/\/familycancat.com\/en\/wp-json\/wp\/v2\/product_cat?post=10349"},{"taxonomy":"product_tag","embeddable":true,"href":"https:\/\/familycancat.com\/en\/wp-json\/wp\/v2\/product_tag?post=10349"}],"curies":[{"name":"wp","href":"https:\/\/api.w.org\/{rel}","templated":true}]}}