{"id":10346,"date":"2026-02-24T18:49:10","date_gmt":"2026-02-24T17:49:10","guid":{"rendered":"https:\/\/familycancat.com\/?post_type=product&#038;p=10346"},"modified":"2026-02-24T18:53:44","modified_gmt":"2026-02-24T17:53:44","slug":"gloria-hamburguesa-con-sonido-peluche-para-perros","status":"publish","type":"product","link":"https:\/\/familycancat.com\/en\/product\/gloria-hamburguesa-con-sonido-peluche-para-perros\/","title":{"rendered":"Gloria Hamburguesa con Sonido Peluche para Perros"},"content":{"rendered":"<p><span lang=\"es-modern\" xml:lang=\"es-modern\"><span style=\"font-family: Calibri;\">Divertido juguete para perros.\u00a0Este peluche con forma de deliciosa\u00a0hamburguesa, es ideal para que nuestros peludos se diviertan y liberen estr\u00e9s. Est\u00e1 provisto de sonido, por lo que resulta mucho m\u00e1s atractivo para nuestra mascota. Sin duda, es un juguete irresistible.<\/span><\/span><\/p>\n<p dir=\"ltr\" align=\"left\"><span style=\"font-family: Calibri;\">Proporcionar\u00e1 ratos de diversi\u00f3n y juego para tu mejor amigo.<\/span><\/p>\n<p dir=\"ltr\" align=\"left\"><span style=\"font-family: Calibri;\">Se recomienda supervisar, y en caso de que sufra da\u00f1os es conveniente retirarlo.<\/span><\/p>\n<p dir=\"ltr\" align=\"left\"><span style=\"font-family: Calibri;\">Fabricado en poliester y goma eva.<\/span><\/p>","protected":false},"excerpt":{"rendered":"<p>Divertido juguete para perros.\u00a0Este peluche con forma de deliciosa\u00a0hamburguesa, es ideal para que nuestros peludos se diviertan y liberen estr\u00e9s. Est\u00e1 provisto de sonido, por&#8230;<\/p>","protected":false},"featured_media":10347,"template":"","meta":[],"etheme_brands":[],"product_cat":[96,20,93],"product_tag":[],"class_list":{"0":"post-10346","1":"product","2":"type-product","3":"status-publish","4":"has-post-thumbnail","6":"product_cat-todos-los-productos","7":"product_cat-perros","8":"product_cat-juguetes-y-educacion","10":"first","11":"instock","12":"taxable","13":"shipping-taxable","14":"purchasable","15":"product-type-simple"},"jetpack_sharing_enabled":true,"_links":{"self":[{"href":"https:\/\/familycancat.com\/en\/wp-json\/wp\/v2\/product\/10346","targetHints":{"allow":["GET"]}}],"collection":[{"href":"https:\/\/familycancat.com\/en\/wp-json\/wp\/v2\/product"}],"about":[{"href":"https:\/\/familycancat.com\/en\/wp-json\/wp\/v2\/types\/product"}],"version-history":[{"count":1,"href":"https:\/\/familycancat.com\/en\/wp-json\/wp\/v2\/product\/10346\/revisions"}],"predecessor-version":[{"id":10348,"href":"https:\/\/familycancat.com\/en\/wp-json\/wp\/v2\/product\/10346\/revisions\/10348"}],"wp:featuredmedia":[{"embeddable":true,"href":"https:\/\/familycancat.com\/en\/wp-json\/wp\/v2\/media\/10347"}],"wp:attachment":[{"href":"https:\/\/familycancat.com\/en\/wp-json\/wp\/v2\/media?parent=10346"}],"wp:term":[{"taxonomy":"brand","embeddable":true,"href":"https:\/\/familycancat.com\/en\/wp-json\/wp\/v2\/etheme_brands?post=10346"},{"taxonomy":"product_cat","embeddable":true,"href":"https:\/\/familycancat.com\/en\/wp-json\/wp\/v2\/product_cat?post=10346"},{"taxonomy":"product_tag","embeddable":true,"href":"https:\/\/familycancat.com\/en\/wp-json\/wp\/v2\/product_tag?post=10346"}],"curies":[{"name":"wp","href":"https:\/\/api.w.org\/{rel}","templated":true}]}}