{"id":10327,"date":"2026-02-19T18:56:37","date_gmt":"2026-02-19T17:56:37","guid":{"rendered":"https:\/\/familycancat.com\/?post_type=product&#038;p=10327"},"modified":"2026-04-01T11:11:43","modified_gmt":"2026-04-01T10:11:43","slug":"flexi-new-classic-cinta-rojo-xs-3-metros","status":"publish","type":"product","link":"https:\/\/familycancat.com\/en\/product\/flexi-new-classic-cinta-rojo-xs-3-metros\/","title":{"rendered":"Flexi New Classic Cinta Rojo XS 3 metros"},"content":{"rendered":"<div class=\"product-page-details__content is-short\">\n<p>Las correas flexi son las correas extensibles originales y se fabrican en los talleres de Bargteheide en Alemania desde 1973. El fundador de la empresa era y es due\u00f1o de perros Fox Terriers. \u00c9l quer\u00eda darle a sus animales de compa\u00f1\u00eda libertad de movimientos incluso cuando el uso de la correa fuera necesario. As\u00ed construy\u00f3 para uso propio un dispositivo extensible a partir del sistema de arranque de una sierra de jardiner\u00eda, usando como carcasa dos trozos de madera.<\/p>\n<p>Al sacar a pasear a sus mascotas usando este primer prototipo de correa extensible se percat\u00f3 del gran inter\u00e9s que suscitaba su invento en los dem\u00e1s due\u00f1os de perros, as\u00ed que decidi\u00f3 perfeccionar su innovadora e ingeniosa correa y comercializarla. Con esta idea contin\u00faa trabajando la empresa flexi, teniendo como fundador al l\u00edder pionero de las correas extensibles.<\/p>\n<p>Tama\u00f1o Longitud cinta Peso m\u00e1ximo perro Peso de la correa<\/p>\n<p>XS 3 m 12 kg<\/p>\n<\/div>","protected":false},"excerpt":{"rendered":"<div id=\"product-description-short-6379\" class=\"product-description\">\n<p>Correa extesible Flexi de cinta, color rojo.<\/p>\n<p>Longitud 3 Metros.<\/p>\n<p>&nbsp;<\/p>\n<p>&nbsp;<\/p>\n<\/div>","protected":false},"featured_media":10122,"template":"","meta":[],"etheme_brands":[{"term_id":151,"name":"FLEXI","slug":"flexi","term_group":0,"term_taxonomy_id":151,"taxonomy":"brand","description":"","parent":0,"count":17,"filter":"raw"}],"product_cat":[96,20,92],"product_tag":[],"class_list":{"0":"post-10327","1":"product","2":"type-product","3":"status-publish","4":"has-post-thumbnail","6":"brand-flexi","7":"product_cat-todos-los-productos","8":"product_cat-perros","9":"product_cat-accesorios-de-paseo-coche-y-viajes","11":"first","12":"instock","13":"taxable","14":"shipping-taxable","15":"purchasable","16":"product-type-simple"},"jetpack_sharing_enabled":true,"_links":{"self":[{"href":"https:\/\/familycancat.com\/en\/wp-json\/wp\/v2\/product\/10327","targetHints":{"allow":["GET"]}}],"collection":[{"href":"https:\/\/familycancat.com\/en\/wp-json\/wp\/v2\/product"}],"about":[{"href":"https:\/\/familycancat.com\/en\/wp-json\/wp\/v2\/types\/product"}],"version-history":[{"count":1,"href":"https:\/\/familycancat.com\/en\/wp-json\/wp\/v2\/product\/10327\/revisions"}],"predecessor-version":[{"id":10328,"href":"https:\/\/familycancat.com\/en\/wp-json\/wp\/v2\/product\/10327\/revisions\/10328"}],"wp:featuredmedia":[{"embeddable":true,"href":"https:\/\/familycancat.com\/en\/wp-json\/wp\/v2\/media\/10122"}],"wp:attachment":[{"href":"https:\/\/familycancat.com\/en\/wp-json\/wp\/v2\/media?parent=10327"}],"wp:term":[{"taxonomy":"brand","embeddable":true,"href":"https:\/\/familycancat.com\/en\/wp-json\/wp\/v2\/etheme_brands?post=10327"},{"taxonomy":"product_cat","embeddable":true,"href":"https:\/\/familycancat.com\/en\/wp-json\/wp\/v2\/product_cat?post=10327"},{"taxonomy":"product_tag","embeddable":true,"href":"https:\/\/familycancat.com\/en\/wp-json\/wp\/v2\/product_tag?post=10327"}],"curies":[{"name":"wp","href":"https:\/\/api.w.org\/{rel}","templated":true}]}}