{"id":10313,"date":"2026-02-19T12:20:23","date_gmt":"2026-02-19T11:20:23","guid":{"rendered":"https:\/\/familycancat.com\/?post_type=product&#038;p=10313"},"modified":"2026-02-19T12:25:10","modified_gmt":"2026-02-19T11:25:10","slug":"kong-juguete-maxx-tiburon-para-perros","status":"publish","type":"product","link":"https:\/\/familycancat.com\/en\/product\/kong-juguete-maxx-tiburon-para-perros\/","title":{"rendered":"Kong Juguete Maxx Tiburon para Perros"},"content":{"rendered":"<p>Los amigos de la colecci\u00f3n KONG MAXX son ferozmente adorables y est\u00e1n dise\u00f1ados hasta la \u00faltima mol\u00e9cula para ofrecer la m\u00e1xima durabilidad y una diversi\u00f3n duradera, satisfaciendo los instintos de b\u00fasqueda de los jugadores m\u00e1s exigentes. Estos juguetes blandos pero duraderos, recubiertos de un material hasta cinco veces m\u00e1s resistente a los pinchazos que la felpa normal, est\u00e1n fabricados con un hilo superresistente cosido en costuras m\u00ednimas para garantizar una acci\u00f3n duradera. Las dos capas de tejido aumentan la durabilidad para aventuras repletas de acci\u00f3n. El chirriador mantiene a los perros jugando.<\/p>\n<p>Dos capas de tejido que aumentan la durabilidad para aventuras repletas de acci\u00f3n<br \/>\nTextura mucho m\u00e1s rugosa que la felpa com\u00fan para una diversi\u00f3n sin fin<br \/>\nChirriador que despierta los instintos naturales<br \/>\nJuguete blando sumamente resistente dise\u00f1ado para b\u00fasquedas intensas<br \/>\nJuguete interactivo ideal para interiores y exteriores<br \/>\nHilo superresistente cosido en costuras m\u00ednimas para garantizar una m\u00e1xima durabilidad<\/p>\n<p>&nbsp;<\/p>","protected":false},"excerpt":{"rendered":"<p>Los amigos de la colecci\u00f3n KONG MAXX son ferozmente adorables y est\u00e1n dise\u00f1ados hasta la \u00faltima mol\u00e9cula para ofrecer la m\u00e1xima durabilidad y una diversi\u00f3n&#8230;<\/p>","protected":false},"featured_media":10314,"template":"","meta":[],"etheme_brands":[],"product_cat":[96,20,93],"product_tag":[],"class_list":{"0":"post-10313","1":"product","2":"type-product","3":"status-publish","4":"has-post-thumbnail","6":"product_cat-todos-los-productos","7":"product_cat-perros","8":"product_cat-juguetes-y-educacion","10":"first","11":"instock","12":"taxable","13":"shipping-taxable","14":"purchasable","15":"product-type-simple"},"jetpack_sharing_enabled":true,"_links":{"self":[{"href":"https:\/\/familycancat.com\/en\/wp-json\/wp\/v2\/product\/10313","targetHints":{"allow":["GET"]}}],"collection":[{"href":"https:\/\/familycancat.com\/en\/wp-json\/wp\/v2\/product"}],"about":[{"href":"https:\/\/familycancat.com\/en\/wp-json\/wp\/v2\/types\/product"}],"version-history":[{"count":1,"href":"https:\/\/familycancat.com\/en\/wp-json\/wp\/v2\/product\/10313\/revisions"}],"predecessor-version":[{"id":10315,"href":"https:\/\/familycancat.com\/en\/wp-json\/wp\/v2\/product\/10313\/revisions\/10315"}],"wp:featuredmedia":[{"embeddable":true,"href":"https:\/\/familycancat.com\/en\/wp-json\/wp\/v2\/media\/10314"}],"wp:attachment":[{"href":"https:\/\/familycancat.com\/en\/wp-json\/wp\/v2\/media?parent=10313"}],"wp:term":[{"taxonomy":"brand","embeddable":true,"href":"https:\/\/familycancat.com\/en\/wp-json\/wp\/v2\/etheme_brands?post=10313"},{"taxonomy":"product_cat","embeddable":true,"href":"https:\/\/familycancat.com\/en\/wp-json\/wp\/v2\/product_cat?post=10313"},{"taxonomy":"product_tag","embeddable":true,"href":"https:\/\/familycancat.com\/en\/wp-json\/wp\/v2\/product_tag?post=10313"}],"curies":[{"name":"wp","href":"https:\/\/api.w.org\/{rel}","templated":true}]}}