{"id":10296,"date":"2026-02-14T10:50:56","date_gmt":"2026-02-14T09:50:56","guid":{"rendered":"https:\/\/familycancat.com\/?post_type=product&#038;p=10296"},"modified":"2026-04-14T17:13:42","modified_gmt":"2026-04-14T16:13:42","slug":"farmina-nd-cat-kitten-prime-pollo-5-kg","status":"publish","type":"product","link":"https:\/\/familycancat.com\/en\/product\/farmina-nd-cat-kitten-prime-pollo-5-kg\/","title":{"rendered":"Farmina ND Cat Kitten Prime Pollo 5 Kg"},"content":{"rendered":"<div class=\"product-page-details__content is-short\">Pienso para gatos adultos, elaborado con ingredientes de alta calidad, sin cereales, contiene pollo y granada, adem\u00e1s de verduras y frutas seleccionados, refuerza el sistema inmunitario y mejora la salud de la piel y pelaje, es f\u00e1cil de digerir y de sabor atractivo para el gato.<\/div>\n<div class=\"product-page-details__content is-long\">\n<h2>Pienso sin cereales con pollo y granada para gatos adultos<\/h2>\n<p>El\u00a0<strong>pienso para gatos adultos con pollo y granada<\/strong>\u00a0de Farmina es un alimento que te permitir\u00e1 satisfacer las necesidades nutricionales de tu amigo peludo con facilidad. Est\u00e1 elaborado con\u00a0<strong>ingredientes de alta calidad<\/strong>, como\u00a0<strong>pollo fresco y granada<\/strong>\u00a0para ofrecer una\u00a0<strong>dieta balanceada y deliciosa<\/strong>.<\/p>\n<p>El pollo es la fuente principal de prote\u00ednas de este pienso para gatos, mientras que la granada es rica en antioxidantes y vitaminas, por lo que contribuye a la\u00a0<strong>salud celular y protege contra los radicales libres<\/strong>, mejorando la\u00a0<strong>salud de la piel y el pelaje<\/strong>.<\/p>\n<p>Adicionalmente, este pienso incluye una cuidadosa selecci\u00f3n de frutas y vegetales que aportan fibra,\u00a0<strong>favoreciendo una digesti\u00f3n \u00f3ptima<\/strong>\u00a0y una\u00a0<strong>absorci\u00f3n eficiente de nutrientes<\/strong>. Tu fiel compa\u00f1ero tambi\u00e9n tendr\u00e1 una\u00a0<strong>mejor salud articular<\/strong>, con mayor movilidad, mientras disfruta de un alimento de\u00a0<strong>sabor irresistible<\/strong>.<\/p>\n<p>Al\u00a0<strong>no contener cereales<\/strong>, reduce el riesgo de sufrir alergias o intolerancias alimenticias y facilita el proceso digestivo. Es f\u00e1cil de administrar y adecuado para ofrecer diariamente.<\/p>\n<p><strong>Composici\u00f3n:\u00a0<\/strong>Pollo deshuesado (30%), prote\u00edna de pollo deshidratada (28%), batata, grasa de pollo, huevo deshidratado, arenque, prote\u00edna de arenque deshidratada, aceite de pescado (de arenque), fibra de guisante, zanahorias deshidratadas, harina de alfalfa, inulina, fructo-oligosac\u00e1ridos, extracto de levadura (fuente de manno-oligosac\u00e1ridos), granada deshidratada (0. 5%), manzana deshidratada, espinacas deshidratadas, c\u00e1scaras y semillas de psilio (0,3%), naranja dulce deshidratada, ar\u00e1ndanos deshidratados, cloruro de sodio, levadura de cerveza deshidratada, c\u00farcuma (0,2%), extracto de aloe vera.<\/p>\n<p><strong>Aditivos por kg:\u00a0<\/strong>Aditivos nutricionales: Vitamina A 18000IU; Vitamina D3 1200IU; Vitamina E 600mg; Vitamina C 300mg; Niacina 150mg; D-pantotenato de calcio 50mg; Vitamina B2 20mg; Vitamina B6 8. 1mg; Vitamina B1 10mg; Biotina 1,5mg; \u00c1cido f\u00f3lico 1,5mg; Vitamina B12 0,1mg; Cloruro de colina 2500mg; Betacaroteno 1,5mg; Zinc (quelato de zinc del an\u00e1logo hidroxilado de la metionina): 163. 8mg; Manganeso (quelato de manganeso del an\u00e1logo hidroxilado de la metionina): 64,6mg; Hierro (quelato de hierro (II) del hidrato de glicina): 58,3mg; Cobre (quelato de cobre del an\u00e1logo hidroxilado de la metionina): 15,8mg; DL-Metionina, t\u00e9cnicamente pura 5000mg; Taurina 4000mg; L-Carnitina 300mg. Aditivos organol\u00e9pticos: extracto de t\u00e9 verde 100mg; extracto de romero. Antioxidantes: extractos de tocoferol de aceites vegetales.<\/p>\n<p><strong>Componentes anal\u00edticos:\u00a0<\/strong>Prote\u00edna bruta 44.00%; grasa bruta 20.00%; fibra bruta 1.80%; humedad 8.00%; ceniza bruta 8.50%; Calcio 1.10%; F\u00f3sforo 0.90%; Magnesio 0.08%; Omega-6 3.30%; Omega-3 0.90%; DHA 0.50%; EPA 0.30%.\u00a0<strong>Valor energ\u00e9tico:\u00a0<\/strong>EM Kcal\/Kg 4204 &#8211; Mj\/Kg 17,59.<\/p>\n<\/div>","protected":false},"excerpt":{"rendered":"<p>Pienso para gatos adultos, elaborado con ingredientes de alta calidad, sin cereales, contiene pollo y granada, adem\u00e1s de verduras y frutas seleccionados, refuerza el sistema&#8230;<\/p>","protected":false},"featured_media":9133,"template":"","meta":[],"etheme_brands":[{"term_id":99,"name":"FARMINA","slug":"farmina","term_group":0,"term_taxonomy_id":99,"taxonomy":"brand","description":"","parent":0,"count":127,"filter":"raw"}],"product_cat":[96,25,21],"product_tag":[],"class_list":{"0":"post-10296","1":"product","2":"type-product","3":"status-publish","4":"has-post-thumbnail","6":"brand-farmina","7":"product_cat-todos-los-productos","8":"product_cat-gatos","9":"product_cat-pienso-gatos","11":"first","12":"instock","13":"taxable","14":"shipping-taxable","15":"purchasable","16":"product-type-simple"},"jetpack_sharing_enabled":true,"_links":{"self":[{"href":"https:\/\/familycancat.com\/en\/wp-json\/wp\/v2\/product\/10296","targetHints":{"allow":["GET"]}}],"collection":[{"href":"https:\/\/familycancat.com\/en\/wp-json\/wp\/v2\/product"}],"about":[{"href":"https:\/\/familycancat.com\/en\/wp-json\/wp\/v2\/types\/product"}],"version-history":[{"count":1,"href":"https:\/\/familycancat.com\/en\/wp-json\/wp\/v2\/product\/10296\/revisions"}],"predecessor-version":[{"id":10297,"href":"https:\/\/familycancat.com\/en\/wp-json\/wp\/v2\/product\/10296\/revisions\/10297"}],"wp:featuredmedia":[{"embeddable":true,"href":"https:\/\/familycancat.com\/en\/wp-json\/wp\/v2\/media\/9133"}],"wp:attachment":[{"href":"https:\/\/familycancat.com\/en\/wp-json\/wp\/v2\/media?parent=10296"}],"wp:term":[{"taxonomy":"brand","embeddable":true,"href":"https:\/\/familycancat.com\/en\/wp-json\/wp\/v2\/etheme_brands?post=10296"},{"taxonomy":"product_cat","embeddable":true,"href":"https:\/\/familycancat.com\/en\/wp-json\/wp\/v2\/product_cat?post=10296"},{"taxonomy":"product_tag","embeddable":true,"href":"https:\/\/familycancat.com\/en\/wp-json\/wp\/v2\/product_tag?post=10296"}],"curies":[{"name":"wp","href":"https:\/\/api.w.org\/{rel}","templated":true}]}}