{"id":10290,"date":"2026-02-13T12:25:41","date_gmt":"2026-02-13T11:25:41","guid":{"rendered":"https:\/\/familycancat.com\/?post_type=product&#038;p=10290"},"modified":"2026-02-13T12:26:40","modified_gmt":"2026-02-13T11:26:40","slug":"flexi-new-classic-cinta-rosa-m-5-metros","status":"publish","type":"product","link":"https:\/\/familycancat.com\/en\/product\/flexi-new-classic-cinta-rosa-m-5-metros\/","title":{"rendered":"Flexi New Classic Cinta Rosa M 5 metros"},"content":{"rendered":"<div class=\"product-page-details__content is-short\">\n<p>Cl\u00e1sica y funcional correa para perros ideal para salir de paseo con tu perro c\u00f3modamente, proporcion\u00e1ndole a tu mascota libertad de movimientos y seguridad al mismo tiempo . Es&#8230;<\/p>\n<\/div>\n<div class=\"product-page-details__content is-long\">\n<h3>Correa retr\u00e1ctil compacta de f\u00e1cil manejo para perros.<\/h3>\n<p>Cl\u00e1sica y funcional correa para perros ideal para salir de paseo con tu perro c\u00f3modamente,\u00a0<strong>proporcion\u00e1ndole a tu mascota libertad de movimientos y seguridad al mismo tiempo<\/strong>. Es muy c\u00f3moda, precisa, fiable y f\u00e1cil de usar. Controla los movimientos de tu perro con un solo dedo. Es una<strong>\u00a0correa \u00fanica y original de la marca alemana flexi.<\/strong><\/p>\n<\/div>","protected":false},"excerpt":{"rendered":"<div id=\"product-description-short-6379\" class=\"product-description\">\n<p>Correa extesible Flexi de cinta, color rosa.<\/p>\n<p>Longitud 5 Metros.<\/p>\n<p>V\u00e1lida para perros de hasta 25 Kg.<\/p>\n<p>Talla M.<\/p>\n<\/div>\n<div id=\"product-additional-info\">\n<div class=\"product-additional-info\">\n<div class=\"social-sharing\"><\/div>\n<\/div>\n<\/div>","protected":false},"featured_media":10108,"template":"","meta":[],"etheme_brands":[{"term_id":151,"name":"FLEXI","slug":"flexi","term_group":0,"term_taxonomy_id":151,"taxonomy":"brand","description":"","parent":0,"count":17,"filter":"raw"}],"product_cat":[96,20,92],"product_tag":[],"class_list":{"0":"post-10290","1":"product","2":"type-product","3":"status-publish","4":"has-post-thumbnail","6":"brand-flexi","7":"product_cat-todos-los-productos","8":"product_cat-perros","9":"product_cat-accesorios-de-paseo-coche-y-viajes","11":"first","12":"instock","13":"taxable","14":"shipping-taxable","15":"purchasable","16":"product-type-simple"},"jetpack_sharing_enabled":true,"_links":{"self":[{"href":"https:\/\/familycancat.com\/en\/wp-json\/wp\/v2\/product\/10290","targetHints":{"allow":["GET"]}}],"collection":[{"href":"https:\/\/familycancat.com\/en\/wp-json\/wp\/v2\/product"}],"about":[{"href":"https:\/\/familycancat.com\/en\/wp-json\/wp\/v2\/types\/product"}],"version-history":[{"count":1,"href":"https:\/\/familycancat.com\/en\/wp-json\/wp\/v2\/product\/10290\/revisions"}],"predecessor-version":[{"id":10291,"href":"https:\/\/familycancat.com\/en\/wp-json\/wp\/v2\/product\/10290\/revisions\/10291"}],"wp:featuredmedia":[{"embeddable":true,"href":"https:\/\/familycancat.com\/en\/wp-json\/wp\/v2\/media\/10108"}],"wp:attachment":[{"href":"https:\/\/familycancat.com\/en\/wp-json\/wp\/v2\/media?parent=10290"}],"wp:term":[{"taxonomy":"brand","embeddable":true,"href":"https:\/\/familycancat.com\/en\/wp-json\/wp\/v2\/etheme_brands?post=10290"},{"taxonomy":"product_cat","embeddable":true,"href":"https:\/\/familycancat.com\/en\/wp-json\/wp\/v2\/product_cat?post=10290"},{"taxonomy":"product_tag","embeddable":true,"href":"https:\/\/familycancat.com\/en\/wp-json\/wp\/v2\/product_tag?post=10290"}],"curies":[{"name":"wp","href":"https:\/\/api.w.org\/{rel}","templated":true}]}}