{"id":10269,"date":"2026-02-13T01:39:21","date_gmt":"2026-02-13T00:39:21","guid":{"rendered":"https:\/\/familycancat.com\/?post_type=product&#038;p=10269"},"modified":"2026-02-27T19:54:55","modified_gmt":"2026-02-27T18:54:55","slug":"gloria-gloriafries-peluche-para-perros","status":"publish","type":"product","link":"https:\/\/familycancat.com\/en\/product\/gloria-gloriafries-peluche-para-perros\/","title":{"rendered":"Gloria Gloriafries Peluche para Perros"},"content":{"rendered":"<p><strong>Juguete peluche para perros, con sonido. Usar con supervisi\u00f3n. Retire el juguete si est\u00e1 da\u00f1ado.<\/strong><\/p>\n<p><strong>Tama\u00f1os:<\/strong><\/p>\n<p><strong>Mini: 11 cm<\/strong><\/p>","protected":false},"excerpt":{"rendered":"<p>Juguete peluche para perros, con sonido. Usar con supervisi\u00f3n. Retire el juguete si est\u00e1 da\u00f1ado. Tama\u00f1os: Mini: 11 cm<\/p>","protected":false},"featured_media":10270,"template":"","meta":[],"etheme_brands":[{"term_id":152,"name":"GLORIA","slug":"gloria","term_group":0,"term_taxonomy_id":152,"taxonomy":"brand","description":"","parent":0,"count":36,"filter":"raw"}],"product_cat":[96,20,93],"product_tag":[],"class_list":{"0":"post-10269","1":"product","2":"type-product","3":"status-publish","4":"has-post-thumbnail","6":"brand-gloria","7":"product_cat-todos-los-productos","8":"product_cat-perros","9":"product_cat-juguetes-y-educacion","11":"first","12":"instock","13":"taxable","14":"shipping-taxable","15":"purchasable","16":"product-type-simple"},"jetpack_sharing_enabled":true,"_links":{"self":[{"href":"https:\/\/familycancat.com\/en\/wp-json\/wp\/v2\/product\/10269","targetHints":{"allow":["GET"]}}],"collection":[{"href":"https:\/\/familycancat.com\/en\/wp-json\/wp\/v2\/product"}],"about":[{"href":"https:\/\/familycancat.com\/en\/wp-json\/wp\/v2\/types\/product"}],"version-history":[{"count":1,"href":"https:\/\/familycancat.com\/en\/wp-json\/wp\/v2\/product\/10269\/revisions"}],"predecessor-version":[{"id":10271,"href":"https:\/\/familycancat.com\/en\/wp-json\/wp\/v2\/product\/10269\/revisions\/10271"}],"wp:featuredmedia":[{"embeddable":true,"href":"https:\/\/familycancat.com\/en\/wp-json\/wp\/v2\/media\/10270"}],"wp:attachment":[{"href":"https:\/\/familycancat.com\/en\/wp-json\/wp\/v2\/media?parent=10269"}],"wp:term":[{"taxonomy":"brand","embeddable":true,"href":"https:\/\/familycancat.com\/en\/wp-json\/wp\/v2\/etheme_brands?post=10269"},{"taxonomy":"product_cat","embeddable":true,"href":"https:\/\/familycancat.com\/en\/wp-json\/wp\/v2\/product_cat?post=10269"},{"taxonomy":"product_tag","embeddable":true,"href":"https:\/\/familycancat.com\/en\/wp-json\/wp\/v2\/product_tag?post=10269"}],"curies":[{"name":"wp","href":"https:\/\/api.w.org\/{rel}","templated":true}]}}