{"id":10257,"date":"2026-02-13T01:24:30","date_gmt":"2026-02-13T00:24:30","guid":{"rendered":"https:\/\/familycancat.com\/?post_type=product&#038;p=10257"},"modified":"2026-03-28T11:25:35","modified_gmt":"2026-03-28T10:25:35","slug":"gloria-conejo-gigante-peluche-para-perros","status":"publish","type":"product","link":"https:\/\/familycancat.com\/en\/product\/gloria-conejo-gigante-peluche-para-perros\/","title":{"rendered":"Gloria Conejo Gigante Peluche para Perros"},"content":{"rendered":"<p>Divertidos peluches que representan distintos personajes y con los que su amigo de cuatro patas se podr\u00e1 divertir con su nuevo compa\u00f1ero. Con sonido incorporado en su interior. Retirar si el juguete resulta da\u00f1ado.<\/p>\n<p>33 cm<\/p>","protected":false},"excerpt":{"rendered":"<p>Divertidos peluches que representan distintos personajes y con los que su amigo de cuatro patas se podr\u00e1 divertir con su nuevo compa\u00f1ero. Con sonido incorporado&#8230;<\/p>","protected":false},"featured_media":10258,"template":"","meta":[],"etheme_brands":[{"term_id":152,"name":"GLORIA","slug":"gloria","term_group":0,"term_taxonomy_id":152,"taxonomy":"brand","description":"","parent":0,"count":36,"filter":"raw"}],"product_cat":[96,20,93],"product_tag":[],"class_list":{"0":"post-10257","1":"product","2":"type-product","3":"status-publish","4":"has-post-thumbnail","6":"brand-gloria","7":"product_cat-todos-los-productos","8":"product_cat-perros","9":"product_cat-juguetes-y-educacion","11":"first","12":"instock","13":"taxable","14":"shipping-taxable","15":"purchasable","16":"product-type-simple"},"jetpack_sharing_enabled":true,"_links":{"self":[{"href":"https:\/\/familycancat.com\/en\/wp-json\/wp\/v2\/product\/10257","targetHints":{"allow":["GET"]}}],"collection":[{"href":"https:\/\/familycancat.com\/en\/wp-json\/wp\/v2\/product"}],"about":[{"href":"https:\/\/familycancat.com\/en\/wp-json\/wp\/v2\/types\/product"}],"version-history":[{"count":1,"href":"https:\/\/familycancat.com\/en\/wp-json\/wp\/v2\/product\/10257\/revisions"}],"predecessor-version":[{"id":10259,"href":"https:\/\/familycancat.com\/en\/wp-json\/wp\/v2\/product\/10257\/revisions\/10259"}],"wp:featuredmedia":[{"embeddable":true,"href":"https:\/\/familycancat.com\/en\/wp-json\/wp\/v2\/media\/10258"}],"wp:attachment":[{"href":"https:\/\/familycancat.com\/en\/wp-json\/wp\/v2\/media?parent=10257"}],"wp:term":[{"taxonomy":"brand","embeddable":true,"href":"https:\/\/familycancat.com\/en\/wp-json\/wp\/v2\/etheme_brands?post=10257"},{"taxonomy":"product_cat","embeddable":true,"href":"https:\/\/familycancat.com\/en\/wp-json\/wp\/v2\/product_cat?post=10257"},{"taxonomy":"product_tag","embeddable":true,"href":"https:\/\/familycancat.com\/en\/wp-json\/wp\/v2\/product_tag?post=10257"}],"curies":[{"name":"wp","href":"https:\/\/api.w.org\/{rel}","templated":true}]}}