{"id":10224,"date":"2026-02-11T20:19:13","date_gmt":"2026-02-11T19:19:13","guid":{"rendered":"https:\/\/familycancat.com\/?post_type=product&#038;p=10224"},"modified":"2026-02-11T20:24:07","modified_gmt":"2026-02-11T19:24:07","slug":"flexi-new-classic-cinta-negro-xs-3-metros","status":"publish","type":"product","link":"https:\/\/familycancat.com\/en\/product\/flexi-new-classic-cinta-negro-xs-3-metros\/","title":{"rendered":"Flexi New Classic Cinta Negro XS 3 metros"},"content":{"rendered":"<div class=\"product-page-details__content is-short\">\n<p>Cl\u00e1sica y funcional correa para perros ideal para salir de paseo con tu perro c\u00f3modamente, proporcion\u00e1ndole a tu mascota libertad de movimientos y seguridad al mismo tiempo .<\/p>\n<\/div>\n<div class=\"product-page-details__content is-long\">\n<h3>Correa retr\u00e1ctil compacta de f\u00e1cil manejo para perros.<\/h3>\n<p>Cl\u00e1sica y funcional correa para perros ideal para salir de paseo con tu perro c\u00f3modamente,\u00a0<strong>proporcion\u00e1ndole a tu mascota libertad de movimientos y seguridad al mismo tiempo<\/strong>. Es muy c\u00f3moda, precisa, fiable y f\u00e1cil de usar. Controla los movimientos de tu perro con un solo dedo. Es una<strong>\u00a0correa \u00fanica y original de la marca alemana flexi.<\/strong><\/p>\n<\/div>","protected":false},"excerpt":{"rendered":"<div id=\"product-description-short-6379\" class=\"product-description\">\n<p>Correa extesible Flexi de cinta, color negro.<\/p>\n<p>Longitud 3 Metros.<\/p>\n<p>&nbsp;<\/p>\n<\/div>","protected":false},"featured_media":10119,"template":"","meta":[],"etheme_brands":[{"term_id":151,"name":"FLEXI","slug":"flexi","term_group":0,"term_taxonomy_id":151,"taxonomy":"brand","description":"","parent":0,"count":17,"filter":"raw"}],"product_cat":[96,20,92],"product_tag":[],"class_list":{"0":"post-10224","1":"product","2":"type-product","3":"status-publish","4":"has-post-thumbnail","6":"brand-flexi","7":"product_cat-todos-los-productos","8":"product_cat-perros","9":"product_cat-accesorios-de-paseo-coche-y-viajes","11":"first","12":"outofstock","13":"taxable","14":"shipping-taxable","15":"purchasable","16":"product-type-simple"},"jetpack_sharing_enabled":true,"_links":{"self":[{"href":"https:\/\/familycancat.com\/en\/wp-json\/wp\/v2\/product\/10224","targetHints":{"allow":["GET"]}}],"collection":[{"href":"https:\/\/familycancat.com\/en\/wp-json\/wp\/v2\/product"}],"about":[{"href":"https:\/\/familycancat.com\/en\/wp-json\/wp\/v2\/types\/product"}],"version-history":[{"count":1,"href":"https:\/\/familycancat.com\/en\/wp-json\/wp\/v2\/product\/10224\/revisions"}],"predecessor-version":[{"id":10225,"href":"https:\/\/familycancat.com\/en\/wp-json\/wp\/v2\/product\/10224\/revisions\/10225"}],"wp:featuredmedia":[{"embeddable":true,"href":"https:\/\/familycancat.com\/en\/wp-json\/wp\/v2\/media\/10119"}],"wp:attachment":[{"href":"https:\/\/familycancat.com\/en\/wp-json\/wp\/v2\/media?parent=10224"}],"wp:term":[{"taxonomy":"brand","embeddable":true,"href":"https:\/\/familycancat.com\/en\/wp-json\/wp\/v2\/etheme_brands?post=10224"},{"taxonomy":"product_cat","embeddable":true,"href":"https:\/\/familycancat.com\/en\/wp-json\/wp\/v2\/product_cat?post=10224"},{"taxonomy":"product_tag","embeddable":true,"href":"https:\/\/familycancat.com\/en\/wp-json\/wp\/v2\/product_tag?post=10224"}],"curies":[{"name":"wp","href":"https:\/\/api.w.org\/{rel}","templated":true}]}}