{"id":10171,"date":"2026-02-08T21:14:50","date_gmt":"2026-02-08T20:14:50","guid":{"rendered":"https:\/\/familycancat.com\/?post_type=product&#038;p=10171"},"modified":"2026-02-08T21:17:31","modified_gmt":"2026-02-08T20:17:31","slug":"gloria-cana-guppy-tropical-para-gatos","status":"publish","type":"product","link":"https:\/\/familycancat.com\/en\/product\/gloria-cana-guppy-tropical-para-gatos\/","title":{"rendered":"Gloria Ca\u00f1a Guppy Tropical para gatos"},"content":{"rendered":"<p><strong>Ca\u00f1a para gatos, con plumas, de 46 cm. Divi\u00e9rtete jugando con tu gato llamando su atenci\u00f3n, an\u00edmale a perseguir el juguete como si fuera un animal vivo y simula su caza.<\/strong><\/p>","protected":false},"excerpt":{"rendered":"<p>Ca\u00f1a para gatos, con plumas, de 46 cm. Divi\u00e9rtete jugando con tu gato llamando su atenci\u00f3n, an\u00edmale a perseguir el juguete como si fuera un&#8230;<\/p>","protected":false},"featured_media":10172,"template":"","meta":[],"etheme_brands":[{"term_id":152,"name":"GLORIA","slug":"gloria","term_group":0,"term_taxonomy_id":152,"taxonomy":"brand","description":"","parent":0,"count":36,"filter":"raw"}],"product_cat":[25,85],"product_tag":[],"class_list":{"0":"post-10171","1":"product","2":"type-product","3":"status-publish","4":"has-post-thumbnail","6":"brand-gloria","7":"product_cat-gatos","8":"product_cat-juguetes-para-gatos","10":"first","11":"instock","12":"taxable","13":"shipping-taxable","14":"purchasable","15":"product-type-simple"},"jetpack_sharing_enabled":true,"_links":{"self":[{"href":"https:\/\/familycancat.com\/en\/wp-json\/wp\/v2\/product\/10171","targetHints":{"allow":["GET"]}}],"collection":[{"href":"https:\/\/familycancat.com\/en\/wp-json\/wp\/v2\/product"}],"about":[{"href":"https:\/\/familycancat.com\/en\/wp-json\/wp\/v2\/types\/product"}],"version-history":[{"count":2,"href":"https:\/\/familycancat.com\/en\/wp-json\/wp\/v2\/product\/10171\/revisions"}],"predecessor-version":[{"id":10174,"href":"https:\/\/familycancat.com\/en\/wp-json\/wp\/v2\/product\/10171\/revisions\/10174"}],"wp:featuredmedia":[{"embeddable":true,"href":"https:\/\/familycancat.com\/en\/wp-json\/wp\/v2\/media\/10172"}],"wp:attachment":[{"href":"https:\/\/familycancat.com\/en\/wp-json\/wp\/v2\/media?parent=10171"}],"wp:term":[{"taxonomy":"brand","embeddable":true,"href":"https:\/\/familycancat.com\/en\/wp-json\/wp\/v2\/etheme_brands?post=10171"},{"taxonomy":"product_cat","embeddable":true,"href":"https:\/\/familycancat.com\/en\/wp-json\/wp\/v2\/product_cat?post=10171"},{"taxonomy":"product_tag","embeddable":true,"href":"https:\/\/familycancat.com\/en\/wp-json\/wp\/v2\/product_tag?post=10171"}],"curies":[{"name":"wp","href":"https:\/\/api.w.org\/{rel}","templated":true}]}}