{"id":10163,"date":"2026-02-08T21:00:00","date_gmt":"2026-02-08T20:00:00","guid":{"rendered":"https:\/\/familycancat.com\/?post_type=product&#038;p=10163"},"modified":"2026-02-25T17:28:08","modified_gmt":"2026-02-25T16:28:08","slug":"gloria-juguete-gaudi-palo-con-pompon-de-pelo-para-gatos","status":"publish","type":"product","link":"https:\/\/familycancat.com\/en\/product\/gloria-juguete-gaudi-palo-con-pompon-de-pelo-para-gatos\/","title":{"rendered":"Gloria Juguete Gaud\u00ed Palo con Pomp\u00f3n de Pelo para Gatos"},"content":{"rendered":"<h2>Juguete Gaud\u00ed Palo con Pomp\u00f3n\u00a0de Pelo\u00a0Gloria para\u00a0Gatos<\/h2>\n<p><strong>Gloria Juguete Gaud\u00ed Palo con\u00a0Pomp\u00f3n de Pelo para Gatos\u00a0<\/strong>divertido juguete para gatos que imita la caza. Es 100% natural, libre de pl\u00e1stico y ecol\u00f3gico, ayuda a mantener activo y desarrollar la coordinaci\u00f3n de tu gatito. Fabricado con piel de conejo proveniente de granjas animal welfare, granjas que respetan al animal.<\/p>\n<h3>Caracter\u00edsticas de Gloria Juguete Gaud\u00ed Palo con Pomp\u00f3n de Pelo para Gatos:<\/h3>\n<p>&#8211; Ideal para el desarrollo tanto del juego aut\u00f3nomo, como el juego en compa\u00f1\u00eda.<\/p>\n<p>&#8211; Ayuda a mantener la agilidad y actividad.<\/p>\n<p>\u00a1No dudes en\u00a0<em>comprar\u00a0Gloria\u00a0Juguete Gaud\u00ed Palo con Pomp\u00f3n de Pelo\u00a0para Gatos\u00a0<\/em>al Mejor Precio!<\/p>","protected":false},"excerpt":{"rendered":"<p>Juguete Gaud\u00ed Palo con Pomp\u00f3n\u00a0de Pelo\u00a0Gloria para\u00a0Gatos Gloria Juguete Gaud\u00ed Palo con\u00a0Pomp\u00f3n de Pelo para Gatos\u00a0divertido juguete para gatos que imita la caza. Es 100%&#8230;<\/p>","protected":false},"featured_media":10165,"template":"","meta":[],"etheme_brands":[{"term_id":152,"name":"GLORIA","slug":"gloria","term_group":0,"term_taxonomy_id":152,"taxonomy":"brand","description":"","parent":0,"count":36,"filter":"raw"}],"product_cat":[25,85],"product_tag":[],"class_list":{"0":"post-10163","1":"product","2":"type-product","3":"status-publish","4":"has-post-thumbnail","6":"brand-gloria","7":"product_cat-gatos","8":"product_cat-juguetes-para-gatos","10":"first","11":"instock","12":"taxable","13":"shipping-taxable","14":"purchasable","15":"product-type-simple"},"jetpack_sharing_enabled":true,"_links":{"self":[{"href":"https:\/\/familycancat.com\/en\/wp-json\/wp\/v2\/product\/10163","targetHints":{"allow":["GET"]}}],"collection":[{"href":"https:\/\/familycancat.com\/en\/wp-json\/wp\/v2\/product"}],"about":[{"href":"https:\/\/familycancat.com\/en\/wp-json\/wp\/v2\/types\/product"}],"version-history":[{"count":1,"href":"https:\/\/familycancat.com\/en\/wp-json\/wp\/v2\/product\/10163\/revisions"}],"predecessor-version":[{"id":10164,"href":"https:\/\/familycancat.com\/en\/wp-json\/wp\/v2\/product\/10163\/revisions\/10164"}],"wp:featuredmedia":[{"embeddable":true,"href":"https:\/\/familycancat.com\/en\/wp-json\/wp\/v2\/media\/10165"}],"wp:attachment":[{"href":"https:\/\/familycancat.com\/en\/wp-json\/wp\/v2\/media?parent=10163"}],"wp:term":[{"taxonomy":"brand","embeddable":true,"href":"https:\/\/familycancat.com\/en\/wp-json\/wp\/v2\/etheme_brands?post=10163"},{"taxonomy":"product_cat","embeddable":true,"href":"https:\/\/familycancat.com\/en\/wp-json\/wp\/v2\/product_cat?post=10163"},{"taxonomy":"product_tag","embeddable":true,"href":"https:\/\/familycancat.com\/en\/wp-json\/wp\/v2\/product_tag?post=10163"}],"curies":[{"name":"wp","href":"https:\/\/api.w.org\/{rel}","templated":true}]}}