{"id":10160,"date":"2026-02-08T20:56:07","date_gmt":"2026-02-08T19:56:07","guid":{"rendered":"https:\/\/familycancat.com\/?post_type=product&#038;p=10160"},"modified":"2026-02-26T11:06:13","modified_gmt":"2026-02-26T10:06:13","slug":"renzo-rata-con-rabito-de-cuero","status":"publish","type":"product","link":"https:\/\/familycancat.com\/en\/product\/renzo-rata-con-rabito-de-cuero\/","title":{"rendered":"Renzo Rata Con Rabito De Cuero"},"content":{"rendered":"<p>Rata hecho con piel de conejo. Llamar\u00e1 la atenci\u00f3n de su gato, y despertar\u00e1 en el sus instintos naturales de caza.<\/p>","protected":false},"excerpt":{"rendered":"<p>Rata hecho con piel de conejo. Llamar\u00e1 la atenci\u00f3n de su gato, y despertar\u00e1 en el sus instintos naturales de caza.<\/p>","protected":false},"featured_media":10161,"template":"","meta":[],"etheme_brands":[{"term_id":152,"name":"GLORIA","slug":"gloria","term_group":0,"term_taxonomy_id":152,"taxonomy":"brand","description":"","parent":0,"count":36,"filter":"raw"}],"product_cat":[25,85],"product_tag":[],"class_list":{"0":"post-10160","1":"product","2":"type-product","3":"status-publish","4":"has-post-thumbnail","6":"brand-gloria","7":"product_cat-gatos","8":"product_cat-juguetes-para-gatos","10":"first","11":"instock","12":"taxable","13":"shipping-taxable","14":"purchasable","15":"product-type-simple"},"jetpack_sharing_enabled":true,"_links":{"self":[{"href":"https:\/\/familycancat.com\/en\/wp-json\/wp\/v2\/product\/10160","targetHints":{"allow":["GET"]}}],"collection":[{"href":"https:\/\/familycancat.com\/en\/wp-json\/wp\/v2\/product"}],"about":[{"href":"https:\/\/familycancat.com\/en\/wp-json\/wp\/v2\/types\/product"}],"version-history":[{"count":1,"href":"https:\/\/familycancat.com\/en\/wp-json\/wp\/v2\/product\/10160\/revisions"}],"predecessor-version":[{"id":10162,"href":"https:\/\/familycancat.com\/en\/wp-json\/wp\/v2\/product\/10160\/revisions\/10162"}],"wp:featuredmedia":[{"embeddable":true,"href":"https:\/\/familycancat.com\/en\/wp-json\/wp\/v2\/media\/10161"}],"wp:attachment":[{"href":"https:\/\/familycancat.com\/en\/wp-json\/wp\/v2\/media?parent=10160"}],"wp:term":[{"taxonomy":"brand","embeddable":true,"href":"https:\/\/familycancat.com\/en\/wp-json\/wp\/v2\/etheme_brands?post=10160"},{"taxonomy":"product_cat","embeddable":true,"href":"https:\/\/familycancat.com\/en\/wp-json\/wp\/v2\/product_cat?post=10160"},{"taxonomy":"product_tag","embeddable":true,"href":"https:\/\/familycancat.com\/en\/wp-json\/wp\/v2\/product_tag?post=10160"}],"curies":[{"name":"wp","href":"https:\/\/api.w.org\/{rel}","templated":true}]}}