{"id":10157,"date":"2026-02-08T20:42:28","date_gmt":"2026-02-08T19:42:28","guid":{"rendered":"https:\/\/familycancat.com\/?post_type=product&#038;p=10157"},"modified":"2026-03-03T19:40:46","modified_gmt":"2026-03-03T18:40:46","slug":"juguete-ecologico-para-gatos-cana-con-triangulo-pelo-de-conejo-shigeru","status":"publish","type":"product","link":"https:\/\/familycancat.com\/en\/product\/juguete-ecologico-para-gatos-cana-con-triangulo-pelo-de-conejo-shigeru\/","title":{"rendered":"Juguete Ecol\u00f3gico para Gatos Ca\u00f1a con Tri\u00e1ngulo Pelo de Conejo Shigeru"},"content":{"rendered":"<p><strong>Juguete interactivo para gatos<\/strong>, elaborado con materiales naturales, no t\u00f3xicos y respetuosos con tu gato y con el medio ambiente. Este\u00a0<b>Juguete Ecol\u00f3gico para Gatos Ca\u00f1a con Tri\u00e1ngulo Pelo de Conejo Shigeru<\/b>\u00a0est\u00e1 fabricado con madera y pelo natural de conejo. Libre de pl\u00e1sticos.<\/p>","protected":false},"excerpt":{"rendered":"<p>Juguete interactivo para gatos, elaborado con materiales naturales, no t\u00f3xicos y respetuosos con tu gato y con el medio ambiente. Este\u00a0Juguete Ecol\u00f3gico para Gatos Ca\u00f1a&#8230;<\/p>","protected":false},"featured_media":10158,"template":"","meta":[],"etheme_brands":[{"term_id":152,"name":"GLORIA","slug":"gloria","term_group":0,"term_taxonomy_id":152,"taxonomy":"brand","description":"","parent":0,"count":36,"filter":"raw"}],"product_cat":[96,25,85],"product_tag":[],"class_list":{"0":"post-10157","1":"product","2":"type-product","3":"status-publish","4":"has-post-thumbnail","6":"brand-gloria","7":"product_cat-todos-los-productos","8":"product_cat-gatos","9":"product_cat-juguetes-para-gatos","11":"first","12":"instock","13":"taxable","14":"shipping-taxable","15":"purchasable","16":"product-type-simple"},"jetpack_sharing_enabled":true,"_links":{"self":[{"href":"https:\/\/familycancat.com\/en\/wp-json\/wp\/v2\/product\/10157","targetHints":{"allow":["GET"]}}],"collection":[{"href":"https:\/\/familycancat.com\/en\/wp-json\/wp\/v2\/product"}],"about":[{"href":"https:\/\/familycancat.com\/en\/wp-json\/wp\/v2\/types\/product"}],"version-history":[{"count":1,"href":"https:\/\/familycancat.com\/en\/wp-json\/wp\/v2\/product\/10157\/revisions"}],"predecessor-version":[{"id":10159,"href":"https:\/\/familycancat.com\/en\/wp-json\/wp\/v2\/product\/10157\/revisions\/10159"}],"wp:featuredmedia":[{"embeddable":true,"href":"https:\/\/familycancat.com\/en\/wp-json\/wp\/v2\/media\/10158"}],"wp:attachment":[{"href":"https:\/\/familycancat.com\/en\/wp-json\/wp\/v2\/media?parent=10157"}],"wp:term":[{"taxonomy":"brand","embeddable":true,"href":"https:\/\/familycancat.com\/en\/wp-json\/wp\/v2\/etheme_brands?post=10157"},{"taxonomy":"product_cat","embeddable":true,"href":"https:\/\/familycancat.com\/en\/wp-json\/wp\/v2\/product_cat?post=10157"},{"taxonomy":"product_tag","embeddable":true,"href":"https:\/\/familycancat.com\/en\/wp-json\/wp\/v2\/product_tag?post=10157"}],"curies":[{"name":"wp","href":"https:\/\/api.w.org\/{rel}","templated":true}]}}