{"id":10139,"date":"2026-02-08T20:22:45","date_gmt":"2026-02-08T19:22:45","guid":{"rendered":"https:\/\/familycancat.com\/?post_type=product&#038;p=10139"},"modified":"2026-02-08T20:23:51","modified_gmt":"2026-02-08T19:23:51","slug":"red-dingo-correa-multiposicion-naranja-2m-x-2cm","status":"publish","type":"product","link":"https:\/\/familycancat.com\/en\/product\/red-dingo-correa-multiposicion-naranja-2m-x-2cm\/","title":{"rendered":"Red Dingo Correa Multiposici\u00f3n Naranja 2m x 2cm"},"content":{"rendered":"<p>Red Dingo Las correas multiusos se pueden ajustar de hasta 6 formas diferentes. Conectando el clip a una de las tres anillas en D a lo largo de la correa, puede cambiar f\u00e1cilmente la longitud de la correa: 1,1 m (3,6 pies), 1,3 m (4,2 pies) y 1,7 m (5,7 pies). Lleve las manos libres y util\u00edcela como correa de hombro o como bandolera cuando su perro no lleve correa. Util\u00edcela para atar f\u00e1cilmente a su perro en la tienda o en la cafeter\u00eda sin tener que quitarle la correa ni hacerle un nudo.<\/p>","protected":false},"excerpt":{"rendered":"<p>Red Dingo Las correas multiusos se pueden ajustar de hasta 6 formas diferentes. Conectando el clip a una de las tres anillas en D a&#8230;<\/p>","protected":false},"featured_media":10140,"template":"","meta":[],"etheme_brands":[{"term_id":154,"name":"RED DINGO","slug":"red-dingo","term_group":0,"term_taxonomy_id":154,"taxonomy":"brand","description":"","parent":0,"count":15,"filter":"raw"}],"product_cat":[96,20,92],"product_tag":[],"class_list":{"0":"post-10139","1":"product","2":"type-product","3":"status-publish","4":"has-post-thumbnail","6":"brand-red-dingo","7":"product_cat-todos-los-productos","8":"product_cat-perros","9":"product_cat-accesorios-de-paseo-coche-y-viajes","11":"first","12":"instock","13":"taxable","14":"shipping-taxable","15":"purchasable","16":"product-type-simple"},"jetpack_sharing_enabled":true,"_links":{"self":[{"href":"https:\/\/familycancat.com\/en\/wp-json\/wp\/v2\/product\/10139","targetHints":{"allow":["GET"]}}],"collection":[{"href":"https:\/\/familycancat.com\/en\/wp-json\/wp\/v2\/product"}],"about":[{"href":"https:\/\/familycancat.com\/en\/wp-json\/wp\/v2\/types\/product"}],"version-history":[{"count":1,"href":"https:\/\/familycancat.com\/en\/wp-json\/wp\/v2\/product\/10139\/revisions"}],"predecessor-version":[{"id":10141,"href":"https:\/\/familycancat.com\/en\/wp-json\/wp\/v2\/product\/10139\/revisions\/10141"}],"wp:featuredmedia":[{"embeddable":true,"href":"https:\/\/familycancat.com\/en\/wp-json\/wp\/v2\/media\/10140"}],"wp:attachment":[{"href":"https:\/\/familycancat.com\/en\/wp-json\/wp\/v2\/media?parent=10139"}],"wp:term":[{"taxonomy":"brand","embeddable":true,"href":"https:\/\/familycancat.com\/en\/wp-json\/wp\/v2\/etheme_brands?post=10139"},{"taxonomy":"product_cat","embeddable":true,"href":"https:\/\/familycancat.com\/en\/wp-json\/wp\/v2\/product_cat?post=10139"},{"taxonomy":"product_tag","embeddable":true,"href":"https:\/\/familycancat.com\/en\/wp-json\/wp\/v2\/product_tag?post=10139"}],"curies":[{"name":"wp","href":"https:\/\/api.w.org\/{rel}","templated":true}]}}