{"id":10069,"date":"2026-01-27T13:05:33","date_gmt":"2026-01-27T12:05:33","guid":{"rendered":"https:\/\/familycancat.com\/?post_type=product&#038;p=10069"},"modified":"2026-03-27T18:20:49","modified_gmt":"2026-03-27T17:20:49","slug":"kong-signature-stick-w-rope-m","status":"publish","type":"product","link":"https:\/\/familycancat.com\/en\/product\/kong-signature-stick-w-rope-m\/","title":{"rendered":"KONG SIGNATURE STICK W\/ROPE M"},"content":{"rendered":"<p><strong>El mordedor resistente de KONG Signature Stick ofrece una diversi\u00f3n prolongada para morder, buscar y recoger que permite satisfacer las necesidades instintivas de nuestros perros.<\/strong><\/p>\n<p>Una sinfon\u00eda de chirridos, crujidos y pitos mantendr\u00e1 a tu cachorro jugando por m\u00e1s tiempo, mientras que el suave cuerpo relleno y su f\u00e1cil agarre proteger\u00e1 sus dientes y enc\u00edas.<\/p>","protected":false},"excerpt":{"rendered":"<p>El mordedor resistente de KONG Signature Stick ofrece una diversi\u00f3n prolongada para morder, buscar y recoger que permite satisfacer las necesidades instintivas de nuestros perros&#8230;.<\/p>","protected":false},"featured_media":10070,"template":"","meta":[],"etheme_brands":[{"term_id":117,"name":"KONG","slug":"kong","term_group":0,"term_taxonomy_id":117,"taxonomy":"brand","description":"","parent":0,"count":25,"filter":"raw"}],"product_cat":[96,20,93],"product_tag":[],"class_list":{"0":"post-10069","1":"product","2":"type-product","3":"status-publish","4":"has-post-thumbnail","6":"brand-kong","7":"product_cat-todos-los-productos","8":"product_cat-perros","9":"product_cat-juguetes-y-educacion","11":"first","12":"instock","13":"taxable","14":"shipping-taxable","15":"purchasable","16":"product-type-simple"},"jetpack_sharing_enabled":true,"_links":{"self":[{"href":"https:\/\/familycancat.com\/en\/wp-json\/wp\/v2\/product\/10069","targetHints":{"allow":["GET"]}}],"collection":[{"href":"https:\/\/familycancat.com\/en\/wp-json\/wp\/v2\/product"}],"about":[{"href":"https:\/\/familycancat.com\/en\/wp-json\/wp\/v2\/types\/product"}],"version-history":[{"count":1,"href":"https:\/\/familycancat.com\/en\/wp-json\/wp\/v2\/product\/10069\/revisions"}],"predecessor-version":[{"id":10071,"href":"https:\/\/familycancat.com\/en\/wp-json\/wp\/v2\/product\/10069\/revisions\/10071"}],"wp:featuredmedia":[{"embeddable":true,"href":"https:\/\/familycancat.com\/en\/wp-json\/wp\/v2\/media\/10070"}],"wp:attachment":[{"href":"https:\/\/familycancat.com\/en\/wp-json\/wp\/v2\/media?parent=10069"}],"wp:term":[{"taxonomy":"brand","embeddable":true,"href":"https:\/\/familycancat.com\/en\/wp-json\/wp\/v2\/etheme_brands?post=10069"},{"taxonomy":"product_cat","embeddable":true,"href":"https:\/\/familycancat.com\/en\/wp-json\/wp\/v2\/product_cat?post=10069"},{"taxonomy":"product_tag","embeddable":true,"href":"https:\/\/familycancat.com\/en\/wp-json\/wp\/v2\/product_tag?post=10069"}],"curies":[{"name":"wp","href":"https:\/\/api.w.org\/{rel}","templated":true}]}}