{"id":10047,"date":"2026-01-15T19:24:14","date_gmt":"2026-01-15T18:24:14","guid":{"rendered":"https:\/\/familycancat.com\/?post_type=product&#038;p=10047"},"modified":"2026-01-16T12:14:01","modified_gmt":"2026-01-16T11:14:01","slug":"kong-shakerstm-crumples-elephant-xl","status":"publish","type":"product","link":"https:\/\/familycancat.com\/en\/product\/kong-shakerstm-crumples-elephant-xl\/","title":{"rendered":"KONG SHAKERSTM CRUMPLES ELEPHANT XL"},"content":{"rendered":"<p>Tama\u00f1o gigante para divertirse a lo grande. Los brazos y las piernas delgados permiten que perros de todos los tama\u00f1os los atrapen y sacudan. El chirriador con gru\u00f1idos, los brazos crujientes y los pies chirriantes prolongan el juego. El cuerpo alargado y flexible satisface el instinto de sacudir de los perros. El peluche suave, \u00fanico en su clase, invita a acurrucarse.<\/p>","protected":false},"excerpt":{"rendered":"<p>Tama\u00f1o gigante para divertirse a lo grande. Los brazos y las piernas delgados permiten que perros de todos los tama\u00f1os los atrapen y sacudan. El&#8230;<\/p>","protected":false},"featured_media":10048,"template":"","meta":[],"etheme_brands":[{"term_id":117,"name":"KONG","slug":"kong","term_group":0,"term_taxonomy_id":117,"taxonomy":"brand","description":"","parent":0,"count":25,"filter":"raw"}],"product_cat":[96,20,93],"product_tag":[],"class_list":{"0":"post-10047","1":"product","2":"type-product","3":"status-publish","4":"has-post-thumbnail","6":"brand-kong","7":"product_cat-todos-los-productos","8":"product_cat-perros","9":"product_cat-juguetes-y-educacion","11":"first","12":"instock","13":"taxable","14":"shipping-taxable","15":"purchasable","16":"product-type-simple"},"jetpack_sharing_enabled":true,"_links":{"self":[{"href":"https:\/\/familycancat.com\/en\/wp-json\/wp\/v2\/product\/10047","targetHints":{"allow":["GET"]}}],"collection":[{"href":"https:\/\/familycancat.com\/en\/wp-json\/wp\/v2\/product"}],"about":[{"href":"https:\/\/familycancat.com\/en\/wp-json\/wp\/v2\/types\/product"}],"version-history":[{"count":1,"href":"https:\/\/familycancat.com\/en\/wp-json\/wp\/v2\/product\/10047\/revisions"}],"predecessor-version":[{"id":10049,"href":"https:\/\/familycancat.com\/en\/wp-json\/wp\/v2\/product\/10047\/revisions\/10049"}],"wp:featuredmedia":[{"embeddable":true,"href":"https:\/\/familycancat.com\/en\/wp-json\/wp\/v2\/media\/10048"}],"wp:attachment":[{"href":"https:\/\/familycancat.com\/en\/wp-json\/wp\/v2\/media?parent=10047"}],"wp:term":[{"taxonomy":"brand","embeddable":true,"href":"https:\/\/familycancat.com\/en\/wp-json\/wp\/v2\/etheme_brands?post=10047"},{"taxonomy":"product_cat","embeddable":true,"href":"https:\/\/familycancat.com\/en\/wp-json\/wp\/v2\/product_cat?post=10047"},{"taxonomy":"product_tag","embeddable":true,"href":"https:\/\/familycancat.com\/en\/wp-json\/wp\/v2\/product_tag?post=10047"}],"curies":[{"name":"wp","href":"https:\/\/api.w.org\/{rel}","templated":true}]}}