{"id":10043,"date":"2026-01-15T19:11:11","date_gmt":"2026-01-15T18:11:11","guid":{"rendered":"https:\/\/familycancat.com\/?post_type=product&#038;p=10043"},"modified":"2026-01-15T19:23:45","modified_gmt":"2026-01-15T18:23:45","slug":"kong-shieldz-tropics-octopus-talla-m","status":"publish","type":"product","link":"https:\/\/familycancat.com\/en\/product\/kong-shieldz-tropics-octopus-talla-m\/","title":{"rendered":"KONG SHIELDZ TROPICS OCTOPUS  Talla M"},"content":{"rendered":"<p>Los KONG Shieldz Tropics est\u00e1n sellados con un recubrimiento ultrarresistente dise\u00f1ado para durar.<\/p>\n<p>Este divertido exterior de ranas protege el interior densamente relleno asegurando que los perros obtengan capas de compromiso que satisfagan sus instintos naturales de masticaci\u00f3n.<\/p>\n<p>Un chirriador mantiene a los cachorros jugando para una diversi\u00f3n duradera.<\/p>\n<p>Estos amigos duraderos se limpian f\u00e1cilmente, lo que los hace ideales para jugar en interiores y exteriores. Adem\u00e1s, flotan para divertirse nadando.<\/p>\n<p>Exterior sellado para ultra durabilidad.<br \/>\nEl interior robusto satisface los instintos de masticaci\u00f3n.<br \/>\nCapas de compromiso para una diversi\u00f3n duradera<\/p>\n<p>18 cm x 14 cm aprox<\/p>\n<p>&nbsp;<\/p>","protected":false},"excerpt":{"rendered":"<div class=\"product attribute overview\">\n<div class=\"value\">Exterior sellado que ofrece ultra duraci\u00f3n. Interior resistente que satisface el instinto de masticaci\u00f3n. Capas de interacci\u00f3n para una diversi\u00f3n duradera.<\/div>\n<\/div>\n<p>&nbsp;<\/p>","protected":false},"featured_media":10044,"template":"","meta":[],"etheme_brands":[{"term_id":117,"name":"KONG","slug":"kong","term_group":0,"term_taxonomy_id":117,"taxonomy":"brand","description":"","parent":0,"count":25,"filter":"raw"}],"product_cat":[96,20,93],"product_tag":[],"class_list":{"0":"post-10043","1":"product","2":"type-product","3":"status-publish","4":"has-post-thumbnail","6":"brand-kong","7":"product_cat-todos-los-productos","8":"product_cat-perros","9":"product_cat-juguetes-y-educacion","11":"first","12":"instock","13":"taxable","14":"shipping-taxable","15":"purchasable","16":"product-type-simple"},"jetpack_sharing_enabled":true,"_links":{"self":[{"href":"https:\/\/familycancat.com\/en\/wp-json\/wp\/v2\/product\/10043","targetHints":{"allow":["GET"]}}],"collection":[{"href":"https:\/\/familycancat.com\/en\/wp-json\/wp\/v2\/product"}],"about":[{"href":"https:\/\/familycancat.com\/en\/wp-json\/wp\/v2\/types\/product"}],"version-history":[{"count":2,"href":"https:\/\/familycancat.com\/en\/wp-json\/wp\/v2\/product\/10043\/revisions"}],"predecessor-version":[{"id":10046,"href":"https:\/\/familycancat.com\/en\/wp-json\/wp\/v2\/product\/10043\/revisions\/10046"}],"wp:featuredmedia":[{"embeddable":true,"href":"https:\/\/familycancat.com\/en\/wp-json\/wp\/v2\/media\/10044"}],"wp:attachment":[{"href":"https:\/\/familycancat.com\/en\/wp-json\/wp\/v2\/media?parent=10043"}],"wp:term":[{"taxonomy":"brand","embeddable":true,"href":"https:\/\/familycancat.com\/en\/wp-json\/wp\/v2\/etheme_brands?post=10043"},{"taxonomy":"product_cat","embeddable":true,"href":"https:\/\/familycancat.com\/en\/wp-json\/wp\/v2\/product_cat?post=10043"},{"taxonomy":"product_tag","embeddable":true,"href":"https:\/\/familycancat.com\/en\/wp-json\/wp\/v2\/product_tag?post=10043"}],"curies":[{"name":"wp","href":"https:\/\/api.w.org\/{rel}","templated":true}]}}