{"id":10040,"date":"2026-01-15T19:05:56","date_gmt":"2026-01-15T18:05:56","guid":{"rendered":"https:\/\/familycancat.com\/?post_type=product&#038;p=10040"},"modified":"2026-01-15T19:07:49","modified_gmt":"2026-01-15T18:07:49","slug":"kong-snuzzles-kiddos-conejo-para-perro-talla-m","status":"publish","type":"product","link":"https:\/\/familycancat.com\/en\/product\/kong-snuzzles-kiddos-conejo-para-perro-talla-m\/","title":{"rendered":"KONG Snuzzles Kiddos Conejo para perro Talla M"},"content":{"rendered":"<p>El juguete\u00a0<b>Kong Snuzzles Kiddos Conejo para perro<\/b>\u00a0es un peluche lleno de alegr\u00eda. Su cuerpo rechoncho contiene un silbato que emite un sonido largo y fuerte para estimular a\u00fan m\u00e1s a tu fiel compa\u00f1ero.<br \/>\nLa sensaci\u00f3n densa en la boca recompensa la masticaci\u00f3n adecuada en cada mordida.<br \/>\nEl peluche muy suave invita a abrazos reconfortantes. Juguete perfecto para el juego en interior.<br \/>\nSu forma plana permite que los perros peque\u00f1os lo agarren f\u00e1cilmente.<\/p>\n<h4 class=\"text-primary fw-bolder\">composici\u00f3n<\/h4>\n<p>Poli\u00e9ster 94%, L\u00e1tex 6%,<\/p>","protected":false},"excerpt":{"rendered":"<div class=\"product attribute overview\">\n<div class=\"value\">El juguete\u00a0<b>Kong Snuzzles Kiddos Conejo para perro<\/b>\u00a0es un peluche lleno de alegr\u00eda.<\/div>\n<\/div>\n<div class=\"product-info-price\">\n<div class=\"product-info-stock-sku\"><\/div>\n<\/div>\n<p>&nbsp;<\/p>","protected":false},"featured_media":10041,"template":"","meta":[],"etheme_brands":[{"term_id":117,"name":"KONG","slug":"kong","term_group":0,"term_taxonomy_id":117,"taxonomy":"brand","description":"","parent":0,"count":25,"filter":"raw"}],"product_cat":[96,20,93],"product_tag":[],"class_list":{"0":"post-10040","1":"product","2":"type-product","3":"status-publish","4":"has-post-thumbnail","6":"brand-kong","7":"product_cat-todos-los-productos","8":"product_cat-perros","9":"product_cat-juguetes-y-educacion","11":"first","12":"instock","13":"taxable","14":"shipping-taxable","15":"purchasable","16":"product-type-simple"},"jetpack_sharing_enabled":true,"_links":{"self":[{"href":"https:\/\/familycancat.com\/en\/wp-json\/wp\/v2\/product\/10040","targetHints":{"allow":["GET"]}}],"collection":[{"href":"https:\/\/familycancat.com\/en\/wp-json\/wp\/v2\/product"}],"about":[{"href":"https:\/\/familycancat.com\/en\/wp-json\/wp\/v2\/types\/product"}],"version-history":[{"count":1,"href":"https:\/\/familycancat.com\/en\/wp-json\/wp\/v2\/product\/10040\/revisions"}],"predecessor-version":[{"id":10042,"href":"https:\/\/familycancat.com\/en\/wp-json\/wp\/v2\/product\/10040\/revisions\/10042"}],"wp:featuredmedia":[{"embeddable":true,"href":"https:\/\/familycancat.com\/en\/wp-json\/wp\/v2\/media\/10041"}],"wp:attachment":[{"href":"https:\/\/familycancat.com\/en\/wp-json\/wp\/v2\/media?parent=10040"}],"wp:term":[{"taxonomy":"brand","embeddable":true,"href":"https:\/\/familycancat.com\/en\/wp-json\/wp\/v2\/etheme_brands?post=10040"},{"taxonomy":"product_cat","embeddable":true,"href":"https:\/\/familycancat.com\/en\/wp-json\/wp\/v2\/product_cat?post=10040"},{"taxonomy":"product_tag","embeddable":true,"href":"https:\/\/familycancat.com\/en\/wp-json\/wp\/v2\/product_tag?post=10040"}],"curies":[{"name":"wp","href":"https:\/\/api.w.org\/{rel}","templated":true}]}}