{"id":10035,"date":"2026-01-15T18:52:14","date_gmt":"2026-01-15T17:52:14","guid":{"rendered":"https:\/\/familycancat.com\/?post_type=product&#038;p=10035"},"modified":"2026-01-15T19:03:47","modified_gmt":"2026-01-15T18:03:47","slug":"kong-wubba-liso-talla-l","status":"publish","type":"product","link":"https:\/\/familycancat.com\/en\/product\/kong-wubba-liso-talla-l\/","title":{"rendered":"KONG WUBBA LISO Talla L"},"content":{"rendered":"<p><strong>El juguete para perro KONG Wubba Classic es un juguete divertido e interactivo para lanzar y arrastrar. El tejido de nylon reforzado y duradero recubre dos pelotas: una de tenis en la parte superior y otra chirriadora en la inferior. Las colas largas permiten cogerlo y tirarlo con facilidad. A los perros les encanta hacer chirriar el juguete Kong Wubba y agitar las colas de un lado a otro.<\/strong><\/p>\n<p><strong>Recubierto de nylon bal\u00edstico duradero para una mayor resistencia<\/strong><br \/>\nPerfecto para juegos interactivos de arrastrar, buscar y recoger<br \/>\n<strong>Chirr\u00eda para una mayor diversi\u00f3n<\/strong><br \/>\nNo est\u00e1 dise\u00f1ado para utilizarse en sesiones de masticaci\u00f3n<\/p>\n<p><strong>Medidas:<\/strong><br \/>\nL: 43 cm<\/p>","protected":false},"excerpt":{"rendered":"<div class=\"product attribute overview\">\n<div class=\"value\">Wubba Kong liso, sus largas y flexibles colas son ideales para el instinto de sacudir y agarrar.<\/div>\n<\/div>\n<div class=\"product-info-price\">\n<div class=\"product-info-stock-sku\"><\/div>\n<\/div>\n<p>&nbsp;<\/p>","protected":false},"featured_media":10036,"template":"","meta":[],"etheme_brands":[{"term_id":117,"name":"KONG","slug":"kong","term_group":0,"term_taxonomy_id":117,"taxonomy":"brand","description":"","parent":0,"count":25,"filter":"raw"}],"product_cat":[96,20,93],"product_tag":[],"class_list":{"0":"post-10035","1":"product","2":"type-product","3":"status-publish","4":"has-post-thumbnail","6":"brand-kong","7":"product_cat-todos-los-productos","8":"product_cat-perros","9":"product_cat-juguetes-y-educacion","11":"first","12":"instock","13":"taxable","14":"shipping-taxable","15":"purchasable","16":"product-type-simple"},"jetpack_sharing_enabled":true,"_links":{"self":[{"href":"https:\/\/familycancat.com\/en\/wp-json\/wp\/v2\/product\/10035","targetHints":{"allow":["GET"]}}],"collection":[{"href":"https:\/\/familycancat.com\/en\/wp-json\/wp\/v2\/product"}],"about":[{"href":"https:\/\/familycancat.com\/en\/wp-json\/wp\/v2\/types\/product"}],"version-history":[{"count":3,"href":"https:\/\/familycancat.com\/en\/wp-json\/wp\/v2\/product\/10035\/revisions"}],"predecessor-version":[{"id":10039,"href":"https:\/\/familycancat.com\/en\/wp-json\/wp\/v2\/product\/10035\/revisions\/10039"}],"wp:featuredmedia":[{"embeddable":true,"href":"https:\/\/familycancat.com\/en\/wp-json\/wp\/v2\/media\/10036"}],"wp:attachment":[{"href":"https:\/\/familycancat.com\/en\/wp-json\/wp\/v2\/media?parent=10035"}],"wp:term":[{"taxonomy":"brand","embeddable":true,"href":"https:\/\/familycancat.com\/en\/wp-json\/wp\/v2\/etheme_brands?post=10035"},{"taxonomy":"product_cat","embeddable":true,"href":"https:\/\/familycancat.com\/en\/wp-json\/wp\/v2\/product_cat?post=10035"},{"taxonomy":"product_tag","embeddable":true,"href":"https:\/\/familycancat.com\/en\/wp-json\/wp\/v2\/product_tag?post=10035"}],"curies":[{"name":"wp","href":"https:\/\/api.w.org\/{rel}","templated":true}]}}