{"id":10021,"date":"2026-01-15T18:18:47","date_gmt":"2026-01-15T17:18:47","guid":{"rendered":"https:\/\/familycancat.com\/?post_type=product&#038;p=10021"},"modified":"2026-01-15T18:21:55","modified_gmt":"2026-01-15T17:21:55","slug":"kong-ballistic-vibez-llamas-assorted-s-m","status":"publish","type":"product","link":"https:\/\/familycancat.com\/en\/product\/kong-ballistic-vibez-llamas-assorted-s-m\/","title":{"rendered":"KONG BALLISTIC VIBEZ LLAMAS ASSORTED S\/M"},"content":{"rendered":"<div class=\"page\" title=\"Page 1\">\n<div class=\"layoutArea\">\n<div class=\"column\">\n<div class=\"product attribute overview\">\n<div class=\"value\">El juguete Kong para perros, modelo Ballistic Vibez, es un peluche con forma de llama dise\u00f1ado para ofrecer horas de diversi\u00f3n a tu mascota. Este juguete est\u00e1 fabricado en un 98% de poli\u00e9ster y un 2% de pl\u00e1stico, lo que le confiere una gran resistencia. Incorpora un chirriador que estimula el juego y la interacci\u00f3n, y su variedad de texturas a\u00f1ade un elemento extra de emoci\u00f3n. Adem\u00e1s, el cuello largo del peluche facilita que perros de todos los tama\u00f1os puedan agarrarlo y jugar con \u00e9l, siendo ideal tanto para interiores como para exteriores.<\/div>\n<div>\n<p>Medidas:<\/p>\n<p>Alto 22 cm<\/p>\n<p>Ancho 16.5 cm<\/p>\n<\/div>\n<\/div>\n<\/div>\n<\/div>\n<\/div>","protected":false},"excerpt":{"rendered":"<p>Ideal para jugar en Interiores y exteriores. Variedad de texturas aumenta la emoci\u00f3n. Duradero material KONG Ballistic resiste el juego rudo.<\/p>\n<p>&nbsp;<\/p>","protected":false},"featured_media":10022,"template":"","meta":[],"etheme_brands":[{"term_id":117,"name":"KONG","slug":"kong","term_group":0,"term_taxonomy_id":117,"taxonomy":"brand","description":"","parent":0,"count":25,"filter":"raw"}],"product_cat":[96,20,93],"product_tag":[],"class_list":{"0":"post-10021","1":"product","2":"type-product","3":"status-publish","4":"has-post-thumbnail","6":"brand-kong","7":"product_cat-todos-los-productos","8":"product_cat-perros","9":"product_cat-juguetes-y-educacion","11":"first","12":"instock","13":"taxable","14":"shipping-taxable","15":"purchasable","16":"product-type-simple"},"jetpack_sharing_enabled":true,"_links":{"self":[{"href":"https:\/\/familycancat.com\/en\/wp-json\/wp\/v2\/product\/10021","targetHints":{"allow":["GET"]}}],"collection":[{"href":"https:\/\/familycancat.com\/en\/wp-json\/wp\/v2\/product"}],"about":[{"href":"https:\/\/familycancat.com\/en\/wp-json\/wp\/v2\/types\/product"}],"version-history":[{"count":1,"href":"https:\/\/familycancat.com\/en\/wp-json\/wp\/v2\/product\/10021\/revisions"}],"predecessor-version":[{"id":10023,"href":"https:\/\/familycancat.com\/en\/wp-json\/wp\/v2\/product\/10021\/revisions\/10023"}],"wp:featuredmedia":[{"embeddable":true,"href":"https:\/\/familycancat.com\/en\/wp-json\/wp\/v2\/media\/10022"}],"wp:attachment":[{"href":"https:\/\/familycancat.com\/en\/wp-json\/wp\/v2\/media?parent=10021"}],"wp:term":[{"taxonomy":"brand","embeddable":true,"href":"https:\/\/familycancat.com\/en\/wp-json\/wp\/v2\/etheme_brands?post=10021"},{"taxonomy":"product_cat","embeddable":true,"href":"https:\/\/familycancat.com\/en\/wp-json\/wp\/v2\/product_cat?post=10021"},{"taxonomy":"product_tag","embeddable":true,"href":"https:\/\/familycancat.com\/en\/wp-json\/wp\/v2\/product_tag?post=10021"}],"curies":[{"name":"wp","href":"https:\/\/api.w.org\/{rel}","templated":true}]}}