{"id":10018,"date":"2026-01-15T13:18:10","date_gmt":"2026-01-15T12:18:10","guid":{"rendered":"https:\/\/familycancat.com\/?post_type=product&#038;p=10018"},"modified":"2026-01-15T13:20:07","modified_gmt":"2026-01-15T12:20:07","slug":"kong-shakers-shimmy-cangrejo-talla-m","status":"publish","type":"product","link":"https:\/\/familycancat.com\/en\/product\/kong-shakers-shimmy-cangrejo-talla-m\/","title":{"rendered":"KONG Shakers Shimmy Cangrejo Talla M"},"content":{"rendered":"<div class=\"page\" title=\"Page 1\">\n<div class=\"layoutArea\">\n<div class=\"column\">\n<div class=\"product attribute overview\">\n<div class=\"value\">El juguete\u00a0<b>KONG Shakers Shimmy Cangrejo<\/b>\u00a0es un peluche con forma de cangrejo que captar\u00e1 la atenci\u00f3n de tu perro.<br \/>\nLas grandes pinzas permiten un f\u00e1cil agarre con la boca para tu perro. La textura de imitaci\u00f3n cuero y los reflejos brillantes ayudan a captar su atenci\u00f3n. Para mayor estimulaci\u00f3n, el juguete emite crujidos y un silbato grave para que tu fiel compa\u00f1ero juegue con su nuevo juguete durante horas.<\/div>\n<\/div>\n<div class=\"product-info-price\">\n<div class=\"product-info-stock-sku\">\n<div class=\"zms-title-div\">\n<div data-size=\"t1\"><\/div>\n<div data-size=\"t1\"><\/div>\n<div class=\"zms-title\" data-size=\"t1\"><strong>Caracter\u00edsticas<\/strong><\/div>\n<\/div>\n<div class=\"zms-title-div\">\n<div class=\"zms-title\" data-size=\"t3\">KONG Shakers Shimmy Cangrejo<\/div>\n<\/div>\n<p>&#8211; juguete de peluche para perro<br \/>\n&#8211; f\u00e1cil de agarrar con la boca<br \/>\n&#8211; estimula a tu perro<br \/>\n&#8211; con crujidos y silbato<br \/>\n&#8211; dimensiones: 15,2 x 43,1 cm<\/p>\n<\/div>\n<\/div>\n<\/div>\n<\/div>\n<\/div>","protected":false},"excerpt":{"rendered":"<p>El juguete Gloria Peluche Forest Shalom para Perros es un juguete dise\u00f1ado para brindar diversi\u00f3n y entretenimiento a tu mascota.<\/p>\n<p>Tama\u00f1o: 28 cm<\/p>","protected":false},"featured_media":10019,"template":"","meta":[],"etheme_brands":[{"term_id":117,"name":"KONG","slug":"kong","term_group":0,"term_taxonomy_id":117,"taxonomy":"brand","description":"","parent":0,"count":25,"filter":"raw"}],"product_cat":[96,20,93],"product_tag":[],"class_list":{"0":"post-10018","1":"product","2":"type-product","3":"status-publish","4":"has-post-thumbnail","6":"brand-kong","7":"product_cat-todos-los-productos","8":"product_cat-perros","9":"product_cat-juguetes-y-educacion","11":"first","12":"instock","13":"taxable","14":"shipping-taxable","15":"purchasable","16":"product-type-simple"},"jetpack_sharing_enabled":true,"_links":{"self":[{"href":"https:\/\/familycancat.com\/en\/wp-json\/wp\/v2\/product\/10018","targetHints":{"allow":["GET"]}}],"collection":[{"href":"https:\/\/familycancat.com\/en\/wp-json\/wp\/v2\/product"}],"about":[{"href":"https:\/\/familycancat.com\/en\/wp-json\/wp\/v2\/types\/product"}],"version-history":[{"count":1,"href":"https:\/\/familycancat.com\/en\/wp-json\/wp\/v2\/product\/10018\/revisions"}],"predecessor-version":[{"id":10020,"href":"https:\/\/familycancat.com\/en\/wp-json\/wp\/v2\/product\/10018\/revisions\/10020"}],"wp:featuredmedia":[{"embeddable":true,"href":"https:\/\/familycancat.com\/en\/wp-json\/wp\/v2\/media\/10019"}],"wp:attachment":[{"href":"https:\/\/familycancat.com\/en\/wp-json\/wp\/v2\/media?parent=10018"}],"wp:term":[{"taxonomy":"brand","embeddable":true,"href":"https:\/\/familycancat.com\/en\/wp-json\/wp\/v2\/etheme_brands?post=10018"},{"taxonomy":"product_cat","embeddable":true,"href":"https:\/\/familycancat.com\/en\/wp-json\/wp\/v2\/product_cat?post=10018"},{"taxonomy":"product_tag","embeddable":true,"href":"https:\/\/familycancat.com\/en\/wp-json\/wp\/v2\/product_tag?post=10018"}],"curies":[{"name":"wp","href":"https:\/\/api.w.org\/{rel}","templated":true}]}}