{"id":8490,"date":"2025-03-24T12:57:40","date_gmt":"2025-03-24T11:57:40","guid":{"rendered":"https:\/\/familycancat.com\/?page_id=8490"},"modified":"2025-03-24T13:38:27","modified_gmt":"2025-03-24T12:38:27","slug":"politica-de-cookies","status":"publish","type":"page","link":"https:\/\/familycancat.com\/en\/politica-de-cookies\/","title":{"rendered":"Cookie Policy"},"content":{"rendered":"<div data-elementor-type=\"wp-page\" data-elementor-id=\"8490\" class=\"elementor elementor-8490\" data-elementor-post-type=\"page\">\n\t\t\t\t<div class=\"elementor-element elementor-element-5fa274d8 e-flex e-con-boxed e-con e-parent\" data-id=\"5fa274d8\" data-element_type=\"container\">\n\t\t\t\t\t<div class=\"e-con-inner\">\n\t\t\t\t<div class=\"elementor-element elementor-element-4a9b874d elementor-widget elementor-widget-text-editor\" data-id=\"4a9b874d\" data-element_type=\"widget\" data-widget_type=\"text-editor.default\">\n\t\t\t\t<div class=\"elementor-widget-container\">\n\t\t\t\t\t\t\t<!-- wp:heading --><hr \/>\n<h1>Cookie Policy<\/h1>\n<h2>1. \u00bfQu\u00e9 son las cookies?<\/h2>\n<p>Las cookies son peque\u00f1os archivos de texto que se almacenan en su dispositivo cuando visita nuestro sitio web. Permiten reconocer su dispositivo en futuras visitas, facilitando la navegaci\u00f3n y mejorando la experiencia del usuario.<\/p>\n<h2>2. Tipos de Cookies Utilizadas<\/h2>\n<h3>2.1. Cookies T\u00e9cnicas<\/h3>\n<p>Son esenciales para el correcto funcionamiento del sitio web, permitiendo funciones b\u00e1sicas como la navegaci\u00f3n y el acceso a \u00e1reas seguras. No recopilan datos personales ni se utilizan para fines publicitarios.<\/p>\n<h3>2.2. Cookies Anal\u00edticas<\/h3>\n<p>Recopilan informaci\u00f3n de manera an\u00f3nima sobre la navegaci\u00f3n en el sitio, tales como p\u00e1ginas visitadas y tiempo de permanencia, para mejorar su funcionamiento y usabilidad.<\/p>\n<h3>2.3. Cookies de Publicidad y Marketing<\/h3>\n<p>Permiten mostrar anuncios m\u00e1s relevantes y medir la eficacia de las campa\u00f1as publicitarias. Se activan \u00fanicamente con el consentimiento previo del usuario.<\/p>\n<h2>3. Gesti\u00f3n y Desactivaci\u00f3n de Cookies<\/h2>\n<p>El usuario puede configurar su navegador para aceptar o rechazar el uso de cookies. La mayor\u00eda de los navegadores permite gestionar estas preferencias a trav\u00e9s de su configuraci\u00f3n o ajustes de privacidad. La desactivaci\u00f3n de cookies puede afectar algunas funcionalidades del sitio.<\/p>\n<h2>4. Consentimiento<\/h2>\n<p>Al utilizar nuestro sitio web, el usuario acepta el uso de cookies conforme a lo establecido en esta pol\u00edtica. En caso de no estar de acuerdo, se recomienda modificar la configuraci\u00f3n del navegador o abstenerse de utilizar el sitio.<\/p>\n<h2>5. Cambios en la Pol\u00edtica de Cookies<\/h2>\n<p>Massive Iberica SL se reserva el derecho de modificar esta pol\u00edtica para adaptarla a futuras novedades legislativas o mejoras en el sitio. Las modificaciones ser\u00e1n publicadas en esta p\u00e1gina y ser\u00e1n efectivas a partir de su publicaci\u00f3n.<\/p>\n<h2>6. Contacto<\/h2>\n<p>Para cualquier consulta o sugerencia relacionada con el uso de cookies, puede ponerse en contacto a trav\u00e9s del correo electr\u00f3nico <a href=\"mailto:familycancat@gmail.com\">familycancat@gmail.com<\/a> o llamando al +34 622 69 21 94.<\/p>\n<hr \/>\t\t\t\t\t\t<\/div>\n\t\t\t\t<\/div>\n\t\t\t\t\t<\/div>\n\t\t\t\t<\/div>\n\t\t\t\t<\/div>","protected":false},"excerpt":{"rendered":"<p>Pol\u00edtica de Cookies 1. \u00bfQu\u00e9 son las cookies? Las cookies son peque\u00f1os archivos de texto que se almacenan en su dispositivo cuando visita nuestro sitio&#8230;<\/p>","protected":false},"author":1,"featured_media":0,"parent":0,"menu_order":0,"comment_status":"closed","ping_status":"closed","template":"","meta":{"footnotes":""},"class_list":["post-8490","page","type-page","status-publish","hentry"],"jetpack_sharing_enabled":true,"_links":{"self":[{"href":"https:\/\/familycancat.com\/en\/wp-json\/wp\/v2\/pages\/8490","targetHints":{"allow":["GET"]}}],"collection":[{"href":"https:\/\/familycancat.com\/en\/wp-json\/wp\/v2\/pages"}],"about":[{"href":"https:\/\/familycancat.com\/en\/wp-json\/wp\/v2\/types\/page"}],"author":[{"embeddable":true,"href":"https:\/\/familycancat.com\/en\/wp-json\/wp\/v2\/users\/1"}],"replies":[{"embeddable":true,"href":"https:\/\/familycancat.com\/en\/wp-json\/wp\/v2\/comments?post=8490"}],"version-history":[{"count":7,"href":"https:\/\/familycancat.com\/en\/wp-json\/wp\/v2\/pages\/8490\/revisions"}],"predecessor-version":[{"id":8524,"href":"https:\/\/familycancat.com\/en\/wp-json\/wp\/v2\/pages\/8490\/revisions\/8524"}],"wp:attachment":[{"href":"https:\/\/familycancat.com\/en\/wp-json\/wp\/v2\/media?parent=8490"}],"curies":[{"name":"wp","href":"https:\/\/api.w.org\/{rel}","templated":true}]}}