{"id":8482,"date":"2025-03-24T12:51:52","date_gmt":"2025-03-24T11:51:52","guid":{"rendered":"https:\/\/familycancat.com\/?page_id=8482"},"modified":"2025-03-24T13:36:40","modified_gmt":"2025-03-24T12:36:40","slug":"aviso-legal","status":"publish","type":"page","link":"https:\/\/familycancat.com\/en\/aviso-legal\/","title":{"rendered":"Legal Notice"},"content":{"rendered":"<div data-elementor-type=\"wp-page\" data-elementor-id=\"8482\" class=\"elementor elementor-8482\" data-elementor-post-type=\"page\">\n\t\t\t\t<div class=\"elementor-element elementor-element-5fa274d8 e-flex e-con-boxed e-con e-parent\" data-id=\"5fa274d8\" data-element_type=\"container\">\n\t\t\t\t\t<div class=\"e-con-inner\">\n\t\t\t\t<div class=\"elementor-element elementor-element-4a9b874d elementor-widget elementor-widget-text-editor\" data-id=\"4a9b874d\" data-element_type=\"widget\" data-widget_type=\"text-editor.default\">\n\t\t\t\t<div class=\"elementor-widget-container\">\n\t\t\t\t\t\t\t<!-- wp:heading -->\n<h1>Legal Notice<\/h1>\n<h2>1. Identificaci\u00f3n del Titular<\/h2>\n<p>En cumplimiento de la Ley de Servicios de la Sociedad de la Informaci\u00f3n (LSSI) y dem\u00e1s normativa aplicable, se informa que el titular y responsable de este sitio web es:<\/p>\n<ul>\n<li><strong>Nombre o Raz\u00f3n Social:<\/strong> Massive Iberica SL<\/li>\n<li><strong>NIF\/CIF:<\/strong> B-13685326<\/li>\n<li><strong>Domicilio Social:<\/strong> C\/Puerta de Orihuela n12 5d, 30006, Murcia<\/li>\n<li><strong>Correo Electr\u00f3nico:<\/strong> <a href=\"mailto:familycancat@gmail.com\">familycancat@gmail.com<\/a><\/li>\n<li><strong>Tel\u00e9fono:<\/strong> +34 622 69 21 94<\/li>\n<li><strong>Sitio Web:<\/strong> <a href=\"https:\/\/familycancat.com\/en\/\">https:\/\/familycancat.com\/<\/a><\/li>\n<\/ul>\n<h2>2. Objeto del Sitio Web<\/h2>\n<p>Family Can Cat es una tienda online dedicada a la venta de productos para mascotas, incluyendo alimentos, accesorios y otros art\u00edculos relacionados. El presente sitio web tiene como finalidad la difusi\u00f3n de informaci\u00f3n, la presentaci\u00f3n de productos y la celebraci\u00f3n de contratos de compraventa a trav\u00e9s de medios electr\u00f3nicos.<\/p>\n<h2>3. Propiedad Intelectual e Industrial<\/h2>\n<p>Todos los contenidos incluidos en este sitio web (textos, im\u00e1genes, logotipos, dise\u00f1os, iconos, c\u00f3digos fuente y cualquier otro elemento) son titularidad exclusiva de Massive Iberica SL o han sido autorizados para su uso por terceros. Queda prohibida la reproducci\u00f3n, distribuci\u00f3n, comunicaci\u00f3n p\u00fablica y transformaci\u00f3n de dichos contenidos sin la autorizaci\u00f3n expresa y por escrito de Massive Iberica SL.<\/p>\n<h2>4. Condiciones de Uso<\/h2>\n<p>El acceso y uso de este sitio web implica la aceptaci\u00f3n plena y sin reservas de todas las disposiciones incluidas en este Aviso Legal. Massive Iberica SL se reserva el derecho de modificar, actualizar o eliminar los contenidos de la web sin previo aviso, as\u00ed como de imponer limitaciones o condiciones al uso del sitio.<\/p>\n<h3>Responsabilidad del Titular<\/h3>\n<ul>\n<li>Massive Iberica SL no se hace responsable de los errores u omisiones en los contenidos del sitio web, ni de los da\u00f1os derivados de su uso.<\/li>\n<li>La informaci\u00f3n contenida en el sitio se ofrece \u00abtal cual\u00bb y Massive Iberica SL no garantiza la ausencia de virus u otros elementos que puedan causar da\u00f1os en los sistemas inform\u00e1ticos de los usuarios.<\/li>\n<li>En el caso de enlaces a terceros, Massive Iberica SL no asume responsabilidad alguna por el contenido ni por la veracidad de la informaci\u00f3n proporcionada en dichos sitios.<\/li>\n<\/ul>\n<h2>5. Legislaci\u00f3n Aplicable y Jurisdicci\u00f3n<\/h2>\n<p>El presente Aviso Legal se rige por la legislaci\u00f3n espa\u00f1ola vigente. En caso de conflicto, las partes se someten expresamente a los Juzgados y Tribunales de Murcia, Espa\u00f1a.<\/p>\t\t\t\t\t\t<\/div>\n\t\t\t\t<\/div>\n\t\t\t\t\t<\/div>\n\t\t\t\t<\/div>\n\t\t\t\t<\/div>","protected":false},"excerpt":{"rendered":"<p>Aviso Legal 1. Identificaci\u00f3n del Titular En cumplimiento de la Ley de Servicios de la Sociedad de la Informaci\u00f3n (LSSI) y dem\u00e1s normativa aplicable, se&#8230;<\/p>","protected":false},"author":1,"featured_media":0,"parent":0,"menu_order":0,"comment_status":"closed","ping_status":"closed","template":"","meta":{"footnotes":""},"class_list":["post-8482","page","type-page","status-publish","hentry"],"jetpack_sharing_enabled":true,"_links":{"self":[{"href":"https:\/\/familycancat.com\/en\/wp-json\/wp\/v2\/pages\/8482","targetHints":{"allow":["GET"]}}],"collection":[{"href":"https:\/\/familycancat.com\/en\/wp-json\/wp\/v2\/pages"}],"about":[{"href":"https:\/\/familycancat.com\/en\/wp-json\/wp\/v2\/types\/page"}],"author":[{"embeddable":true,"href":"https:\/\/familycancat.com\/en\/wp-json\/wp\/v2\/users\/1"}],"replies":[{"embeddable":true,"href":"https:\/\/familycancat.com\/en\/wp-json\/wp\/v2\/comments?post=8482"}],"version-history":[{"count":7,"href":"https:\/\/familycancat.com\/en\/wp-json\/wp\/v2\/pages\/8482\/revisions"}],"predecessor-version":[{"id":8518,"href":"https:\/\/familycancat.com\/en\/wp-json\/wp\/v2\/pages\/8482\/revisions\/8518"}],"wp:attachment":[{"href":"https:\/\/familycancat.com\/en\/wp-json\/wp\/v2\/media?parent=8482"}],"curies":[{"name":"wp","href":"https:\/\/api.w.org\/{rel}","templated":true}]}}